{"id":27,"date":"2022-06-21T15:35:23","date_gmt":"2022-06-21T13:35:23","guid":{"rendered":"https:\/\/math-diism.univpm.it\/vmee2022\/?page_id=27"},"modified":"2022-09-02T10:31:28","modified_gmt":"2022-09-02T08:31:28","slug":"participants","status":"publish","type":"page","link":"https:\/\/math-diism.univpm.it\/vmee2022\/participants\/","title":{"rendered":"Participants"},"content":{"rendered":"\n<p>ZACHARY ADAMS (Max Planck Institute Leipzig)<br>VINCENZO AMBROSIO (Universit\u00e0 Politecnica delle Marche)<br>FRANCESCA ANCESCHI (Universit\u00e0 Politecnica delle Marche)<br>GIUSEPPINA AUTUORI (Universit\u00e0 Politecnica delle Marche)<br>DAVIDE BIGNAMINI (Universit\u00e0 degli Studi di Pavia)<br>KRZYSZTOF BOGDAN (Wroc\u0142aw University)<br>GIOVANNI M. BRIGATI (Ceremade &#8211; Universit\u00e9 Paris-Dauphine)<br>ALESSANDRO COLUMBU (Universit\u00e0 degli Studi di Cagliari)<br>LUCIO DEMEIO (Universit\u00e0 Politecnica delle Marche)<br>GIULIA DE SANTIS (Universit\u00e0 Politecnica delle Marche)<br>DANIELA DI DONATO (Universit\u00e0 Politecnica delle Marche)<br>SILVIA FRASSU (Universit\u00e0 (Universit\u00e0 degli Studi di Cagliari) <br>MEGAN GRIFFIN-PICKERING (Durham University)<br>JESSICA GUERAND (Universit\u00e9 de Montp\u00e9llier)<br>ERICA IPOCOANA (Universit\u00e0 degli Studi di Modena e Reggio Emilia)<br>TERESA ISERNIA (Universit\u00e0 Politecnica delle Marche)<br>LAURA KANZLER (LJLL, Sorbonne Universit\u00e9)<br>ERIK LINDGREN (KTH)<br>AM\u00c9LIE J. LOHER (Cambridge University)<br>CRISTINA MARCELLI (Universit\u00e0 Politecnica delle Marche)<br>KONSTANTIN MERZ (TU Braunschweig)<br>CL\u00c9MENT MOUHOT (Cambridge University)<br>GIAMPIERO PALATUCCI (Universit\u00e0 degli Studi di Parma)<br>FRANCESCA PAPALINI (Universit\u00e0 Politecnica delle Marche)<br>MIRCO PICCININI (Universit\u00e0 degli Studi di Parma)<br>SERGIO POLIDORO (Universit\u00e0 degli Studi di Modena e Reggio Emilia)<br>ANNALAURA REBUCCI (Universit\u00e0 degli Studi di Modena e Reggio Emilia)<br>FEDERICA SANI (Universit\u00e0 degli Studi di Modena e Reggio Emilia)<br>YUZHE ZHU (\u00c9cole Normale Sup\u00e9rieure)<br><\/p>\n","protected":false},"excerpt":{"rendered":"<p>ZACHARY ADAMS (Max Planck Institute Leipzig)VINCENZO AMBROSIO (Universit\u00e0 Politecnica delle Marche)FRANCESCA ANCESCHI (Universit\u00e0 Politecnica delle Marche)GIUSEPPINA AUTUORI (Universit\u00e0 Politecnica delle Marche)DAVIDE BIGNAMINI (Universit\u00e0 degli Studi di Pavia)KRZYSZTOF BOGDAN (Wroc\u0142aw University)GIOVANNI M. BRIGATI (Ceremade &#8211; Universit\u00e9 Paris-Dauphine)ALESSANDRO COLUMBU (Universit\u00e0 degli Studi di Cagliari)LUCIO DEMEIO (Universit\u00e0 Politecnica delle Marche)GIULIA DE SANTIS (Universit\u00e0 Politecnica delle Marche)DANIELA DI DONATO [&hellip;]<\/p>\n","protected":false},"author":27,"featured_media":0,"parent":0,"menu_order":0,"comment_status":"closed","ping_status":"closed","template":"","meta":{"footnotes":""},"class_list":["post-27","page","type-page","status-publish","hentry"],"_links":{"self":[{"href":"https:\/\/math-diism.univpm.it\/vmee2022\/wp-json\/wp\/v2\/pages\/27","targetHints":{"allow":["GET"]}}],"collection":[{"href":"https:\/\/math-diism.univpm.it\/vmee2022\/wp-json\/wp\/v2\/pages"}],"about":[{"href":"https:\/\/math-diism.univpm.it\/vmee2022\/wp-json\/wp\/v2\/types\/page"}],"author":[{"embeddable":true,"href":"https:\/\/math-diism.univpm.it\/vmee2022\/wp-json\/wp\/v2\/users\/27"}],"replies":[{"embeddable":true,"href":"https:\/\/math-diism.univpm.it\/vmee2022\/wp-json\/wp\/v2\/comments?post=27"}],"version-history":[{"count":19,"href":"https:\/\/math-diism.univpm.it\/vmee2022\/wp-json\/wp\/v2\/pages\/27\/revisions"}],"predecessor-version":[{"id":190,"href":"https:\/\/math-diism.univpm.it\/vmee2022\/wp-json\/wp\/v2\/pages\/27\/revisions\/190"}],"wp:attachment":[{"href":"https:\/\/math-diism.univpm.it\/vmee2022\/wp-json\/wp\/v2\/media?parent=27"}],"curies":[{"name":"wp","href":"https:\/\/api.w.org\/{rel}","templated":true}]}}