{"id":73,"date":"2014-01-28T10:09:38","date_gmt":"2014-01-28T09:09:38","guid":{"rendered":"http:\/\/math-diism.univpm.it\/telloni\/?page_id=73"},"modified":"2017-02-28T22:31:38","modified_gmt":"2017-02-28T21:31:38","slug":"esami-2013-14","status":"publish","type":"page","link":"https:\/\/math-diism.univpm.it\/telloni\/esami-2013-14\/","title":{"rendered":"Exams 2015-16"},"content":{"rendered":"<p>Comunico agli studenti che devono sostenere la prova <strong>orale di Geometria<\/strong> che sar\u00f2 disponibile <strong>marted\u00ec 7 marzo<\/strong> presso la sede di <strong>Ancona, in mattinata<\/strong>. Gli interessati sono pregati di confermarmi la loro presenza o di comunicarmi la loro eventuale preferenza per sostenere l&#8217;orale presso la sede di Fermo.<\/p>\n<p>Esiti esame di Geometria del 18\/01\/2017<\/p>\n<p>Bruni \u00a0 \u00a0 \u00a0 \u00a0\u00a0non sufficiente<\/p>\n<p>Chacon \u00a0 \u00a0 \u00a0non sufficiente<\/p>\n<p>Cupido \u00a0 \u00a0 \u00a0 23<\/p>\n<p>De Palma \u00a0 25<\/p>\n<p>L&#8217;appello straordinario del <strong>24 gennaio<\/strong> per gli iscritti all&#8217;esame del 18 che non si sono potuti presentare causa neve si terr\u00e0<strong> alle 13.30 in aula G1<\/strong>. Gli interessati possono iscriversi inviandomi una mail.<\/p>\n<p>Comunico che per coloro che si sono iscritti all&#8217;appello del 18 gennaio, ma a causa di disagi per neve non hanno potuto partecipare alla prova scritta, si terr\u00e0 u<strong>n appello straordinario marted\u00ec 24 gennaio<\/strong>. L&#8217;aula e l&#8217;orario dell&#8217;esame verranno al pi\u00f9 presto pubblicati su questa pagina web. Si ricorda che l&#8217;appello \u00e8 aperto <strong>soltanto agli studenti iscritti all&#8217;appello del 18 gennaio, che non hanno partecipato alla prova scritta del giorno 18 stesso<\/strong>.<\/p>\n<p>Comunico agli iscritti alla prova del 18 gennaio che l&#8217;esame si svolger\u00e0 dalle 8.30 in aula 145\/3. E&#8217; opportuno presentarsi di fronte all&#8217;aula almeno 10 minuti prima.<\/p>\n<p>Comunico che sar\u00f2 disponibile per le prove orali di Probabilit\u00e0 e Statistica Matematica (ma anche, eventualmente, di Geometria), marted\u00ec 6 dicembre presso la sede di Fermo. Coloro che devono sostenere la prova sono convocati alle ore 9.<\/p>\n<p>Comunico che sar\u00f2 disponibile per le prove orali di Geometria\u00a0marted\u00ec 13 dicembre presso la sede di Ancona dalle ore 9.30.<\/p>\n<p><a href=\"http:\/\/math-diism.univpm.it\/telloni\/wp-content\/uploads\/sites\/14\/2014\/01\/Esiti-15-novembre.pdf\">esiti-15-novembre<\/a><\/p>\n<p><a href=\"http:\/\/math-diism.univpm.it\/telloni\/wp-content\/uploads\/sites\/14\/2014\/01\/Esiti-9-novembre.pdf\">esiti-9-novembre<\/a><\/p>\n<p>Comunico che<strong> lo scritto di Geometria<\/strong> del 9 novembre si terr\u00e0 alle <strong>16.30 in aula B3<\/strong>. I candidati sono convocati davanti all&#8217;aula 10 minuti priva dell&#8217;inizio della prova. Coloro che devono sostenere la prova orale sono convocati nella medesima aula alle ore 17.15.<\/p>\n<p>Comunico che<strong> lo scritto di Probabilit\u00e0<\/strong> previsto per luned\u00ec 7 novembre <strong>\u00e8 rimandato<\/strong> alla settimana del 14 novembre, in data che verr\u00e0 qui comunicata, a seguito di richieste da parte di studenti provenienti dalle zone terremotate.<\/p>\n<p>Comunico che marted\u00ec 27\/09 sar\u00f2 disponibile presso il dipartimento di matematica di Ancona per le prove orali di Geometria e per la visione delle prove scritte dalle 9.30 alle 11.15.<\/p>\n<p><strong>Esiti Probabilit\u00e0 settembre<\/strong><\/p>\n<p><a href=\"http:\/\/math-diism.univpm.it\/telloni\/wp-content\/uploads\/sites\/14\/2014\/01\/Esiti_prob_settembre.pdf\">esiti_prob_settembre<\/a><\/p>\n<p><strong>Esiti Geometria\u00a0del 14 settembre<\/strong><\/p>\n<p><a href=\"http:\/\/math-diism.univpm.it\/telloni\/wp-content\/uploads\/sites\/14\/2014\/01\/Esiti-prova-scritta-di-Geometria-del-14.pdf\">esiti-prova-scritta-di-geometria-del-14<\/a><\/p>\n<p>Comunico che la prova scritta di\u00a0Probabilit\u00e0 e Statistica Matematica\u00a0del 15 settembre p.v. si svolger\u00e0 alle ore 10.15 presso la sede di Fermo .<\/p>\n<p>Comunico che la prova scritta di Geometria del 14 settembre p.v. si svolger\u00e0 alle ore 14.30 in aula G2 presso la sede di Ancona . Gli studenti sono convocati di fronte a tale aula alle ore 14.20.<\/p>\n<p><strong>Esiti Geometria\u00a0del 26 luglio<\/strong><\/p>\n<p><a href=\"http:\/\/math-diism.univpm.it\/telloni\/wp-content\/uploads\/sites\/14\/2014\/01\/Esiti_24_7_16.pd_.pdf\">Esiti_24_7_16.pd<\/a><\/p>\n<p>Comunico che la prova scritta di Probabilit\u00e0 e Statistica matematica del 25 luglio p.v. si svolger\u00e0 alle ore 9 presso la sede di Fermo.<\/p>\n<p>Comunico che la prova scritta di Geometria del 26 luglio p.v. si svolger\u00e0 alle ore 10.30 in aula G2 presso la sede di Ancona . Gli studenti sono convocati di fronte a tale aula alle ore 10.20.<\/p>\n<p>Comunico che venerd\u00ec 8 luglio nel pomeriggio sar\u00f2 disponibile per gli orali di Geometria presso la sede di Ancona. Coloro che hanno superato lo scritto e sono interessati a sostenere l&#8217;orale in tale data sono pregati di iscriversi per e-mail entro mercoled\u00ec 6 luglio.<\/p>\n<p><strong>Esiti Geometria\u00a0del 22 giugno<\/strong><\/p>\n<p>Bracalente \u00a0 \u00a09<\/p>\n<p>Carnevali \u00a0 \u00a0 \u00a020<\/p>\n<p>Catena \u00a0 \u00a0 \u00a0 14<\/p>\n<p>D&#8217;Apice \u00a0 \u00a0 \u00a011<\/p>\n<p>Di Zenobio \u00a0 \u00a018<\/p>\n<p><strong>Esiti Probabilit\u00e0 e Statistica del 21 giugno<\/strong><\/p>\n<p>Cutrini \u00a0 \u00a0 \u00a011<\/p>\n<p>De Luca \u00a0 \u00a0 \u00a0 \u00a011<\/p>\n<p>Enei \u00a0 \u00a0 \u00a0 \u00a0 \u00a020<\/p>\n<p>Silenzi \u00a0 \u00a0 \u00a029<\/p>\n<p>Comunico che la prova scritta di Probabilit\u00e0 e Statistica matematica del 21 giugno p.v. si svolger\u00e0 alle ore 9 presso la sede di Fermo.<\/p>\n<p>Comunico che la prova scritta di Geometria del 22 giugno p.v. si svolger\u00e0 alle ore 14.30 in aula G2 presso la sede di Ancona . Gli studenti sono convocati di fronte a tale aula alle ore 14.20.<\/p>\n<p>&nbsp;<\/p>\n<p>Comunico che sar\u00f2 ad Ancona per le verbalizzazioni di Geometria e le prove orali di coloro che si sono iscritti via mail <strong>venerd\u00ec 27 maggio<\/strong>, <strong>dalle 11.45 alle 13<\/strong><strong>.\u00a0<\/strong>Sar\u00f2 presso il dipartimento di Matematica, in Aula Seminari o in Sala Riunioni.<\/p>\n<p>Comunico che sar\u00f2 a Fermo per le verbalizzazioni degli esami di Probabilit\u00e0 e Statistica matematica il giorno 26 maggio dalle 9 alle 10-<\/p>\n<p><a href=\"http:\/\/math-diism.univpm.it\/telloni\/wp-content\/uploads\/sites\/14\/2014\/01\/esiti_geo_aprile.pdf\" rel=\"\">esiti_geo_aprile<\/a><\/p>\n<p><a href=\"http:\/\/math-diism.univpm.it\/telloni\/wp-content\/uploads\/sites\/14\/2014\/01\/Esiti-orali-aprile_probdocx.pdf\" rel=\"\">Esiti orali aprile_prob<\/a><\/p>\n<p>Tutti gli iscritti alla prova orale di <strong>Geometria<\/strong>\u00a0sono convocati\u00a0<strong>gioved\u00ec 21\u00a0 aprile<\/strong> alle ore <strong>12.50<\/strong>\u00a0presso la sede di Ancona, <strong>nell&#8217;aula 145\/1.\u00a0<\/strong>Eventuali cambiamenti di orario o di aula verranno comunicati su questa pagina web.<\/p>\n<p>Tutti gli iscritti alla prova orale di\u00a0Probabilit\u00e0 e Statistica matematica sono convocati\u00a0<strong>marted\u00ec 19 aprile<\/strong> alle ore <strong>10.30<\/strong> presso la sede di Fermo.<\/p>\n<p><strong>Convocazioni prove orali<\/strong><\/p>\n<p>Le prove orali di Probabilit\u00e0 e Statistica matematica si svolgeranno nella mattinata di marted\u00ec 19 aprile presso la sede di Fermo. L&#8217;orario verr\u00e0 pubblicato luned\u00ec mattina, una volta accertata la disponibilit\u00e0 delle aule.\u00a0<a href=\"http:\/\/math-diism.univpm.it\/telloni\/wp-content\/uploads\/sites\/14\/2014\/01\/Convocazione-orali-aprile_probdocx.docx\" rel=\"\">Convocazione orali aprile_probdocx<\/a><\/p>\n<p>Le prove orali di Geometria si svolgeranno nella giornata di gioved\u00ec 21 aprile presso la sede di Ancona. Il luogo e l&#8217;orario verranno pubblicati non appena sar\u00e0 mi verr\u00e0 confermata la disponibilit\u00e0 di un&#8217;aula.\u00a0<a href=\"http:\/\/math-diism.univpm.it\/telloni\/wp-content\/uploads\/sites\/14\/2014\/01\/convocazioni-aprile_geo.pdf\" rel=\"\">convocazioni aprile_geo<\/a><\/p>\n<p><strong>Avviso prove orali<\/strong><\/p>\n<p>Comunico che le prove orali di<strong> Geometria<\/strong> si svolgeranno <strong>gioved\u00ec 21 aprile<\/strong> presso la sede di <strong>Ancona<\/strong> e che le prove orali di <strong>Probabilit\u00e0 e Statistica Matematica<\/strong> si svolgeranno <strong>marted\u00ec 19 aprile<\/strong> presso la sede di <strong>Fermo<\/strong>. Gli interessati sono pregati di iscriversi inviandomi una mail <strong>entro gioved\u00ec 14 aprile<\/strong>. Una volta raccolte le iscrizioni pubblicher\u00f2 le convocazioni.\u00a0Segnalo comunque che chi ha superato le prove scritte potr\u00e0 sostenere l&#8217;orale anche nella sessione estiva.<\/p>\n<p><strong><a href=\"http:\/\/math-diism.univpm.it\/telloni\/wp-content\/uploads\/sites\/14\/2014\/01\/esiti_16feb16-1.pdf\" rel=\"\">esiti_16feb16<\/a><\/strong><\/p>\n<p><strong><a href=\"http:\/\/math-diism.univpm.it\/telloni\/wp-content\/uploads\/sites\/14\/2014\/01\/Esiti_Probabilit\u00e0_9feb16.pdf\" rel=\"\">Esiti_Probabilit\u00e0_9feb16<\/a><\/strong><\/p>\n<p><strong>Avviso (prova scritta di Geometria del 16\/02\/2016)<\/strong><\/p>\n<p>Comunico che la prova scritta di Geometria del 16\/02\/2016 si svolger\u00e0 in aula G2 alle ore 14.30. Gli iscritti sono pregati di presentarsi davanti all&#8217;aula circa 10 minuti prima dell&#8217;inizio della prova.<\/p>\n<p><strong>Esiti prova scritta di Geometria del 20\/1\/2016<\/strong><\/p>\n<p><a href=\"http:\/\/math-diism.univpm.it\/telloni\/wp-content\/uploads\/sites\/14\/2014\/01\/Geometria_20-1.pdf\" rel=\"\">Geometria_20-1<\/a><\/p>\n<p><strong>Prova scritta di Probabilit\u00e0 e Statistica Matematica del 9\/2\/2016<\/strong><\/p>\n<p>Comunico che la prova scritta di <strong>Probabilit\u00e0 e Statistica Matematica<\/strong> del 9 febbraio si svolger\u00e0 <strong>dalle ore 11 alle ore 13<\/strong> presso la sede di Fermo.<\/p>\n<p><strong>Avviso (prove orali di Geometria)<\/strong><\/p>\n<p>Nel file allegato le convocazioni per le prove orali del 26 e del 27 gennaio. Qualsiasi cambiamento di programma dovuto a eventuali imprevisti verr\u00e0 comunicato su questa pagina web. Le prove \u00a0si svolgeranno in una delle aule del Dipartimento di Matematica (presumibilmente in aula seminari).<\/p>\n<p><a href=\"http:\/\/math-diism.univpm.it\/telloni\/wp-content\/uploads\/sites\/14\/2014\/01\/convocazioni-orali2.pdf\">convocazioni orali<\/a><\/p>\n<p><strong>Esiti prova di Probabilit\u00e0 e Statistica Matematica del 18\/01\/2016<\/strong><\/p>\n<p>Concetti \u00a0 \u00a0 \u00a0 \u00a0 \u00a0 \u00a0 \u00a0 \u00a0 \u00a0 \u00a0 \u00a0 \u00a0 \u00a0 \u00a0 \u00a0 9<\/p>\n<p>Lanciotti \u00a0 \u00a0 \u00a0 \u00a0 \u00a0 \u00a0 \u00a0 \u00a0 \u00a0 \u00a0 \u00a0 \u00a0 \u00a0 \u00a0 \u00a018<\/p>\n<p>Si comunica che il giorno 27 gennaio prossimo svolger\u00f2 la correzione pubblica della prova scritta del 18\/01 alle ore 9.45 presso la sede di Fermo. Gli studenti che hanno superato la prova scritta e sono interessati a sostenere la prova orale nella stessa mattinata, dopo la correzione.<\/p>\n<p><strong>Avviso (Geometria)<\/strong><\/p>\n<p>Comunico che la prova scritta di Geometria del <strong>20 gennaio<\/strong> si svolger\u00e0 a partire dalle <strong>8.30 in aula G2<\/strong>.<\/p>\n<p>Nel file allegato le convocazioni per le prove orali; anche in questo caso gli orari verranno comunicati nei prossimi giorni su questa pagina web.<\/p>\n<p><a href=\"http:\/\/math-diism.univpm.it\/telloni\/wp-content\/uploads\/sites\/14\/2014\/01\/convocazioni-orali.pdf\">convocazioni orali<\/a><\/p>\n<p><strong>Avviso<\/strong><\/p>\n<p>Ricordo a tutti coloro che dovranno sostenere le prove scritte di Geometria e Probabilit\u00e0 di gennaio la necessit\u00e0 di <strong>iscriversi attraverso il sito esse3web.univpm.it.<\/strong> Inoltre, dovranno iscriversi con le stesse modalit\u00e0 anche coloro che intendono sostenere la prova orale nel mese di gennaio, per rendere possibile la verbalizzazione dell&#8217;esame. Per coloro che invece sosterranno l&#8217;orale fra marzo e aprile, sar\u00e0 necessaria l&#8217;iscrizione all&#8217;ultimo appello di febbraio.<\/p>\n<p><strong>Avviso esercitazione Geometria<\/strong><\/p>\n<p>Comunico che luned\u00ec 11 gennaio il dott. Altavilla terr\u00e0 un&#8217;esercitazione di Geometria dalle ore 8,30 alle ore 11,30 in aula 145\/2.<\/p>\n<p><strong>Esiti esame Geometria del 19\/12\/2015<\/strong><\/p>\n<p>Nel file allegato ho pubblicato gli esiti della prova scritta. Il punteggio minimo per l&#8217;accesso all&#8217;orale \u00e8 18\/30. Coloro che hanno superato la prova scritta possono scegliere (e comunicarmi via mail entro luned\u00ec) se fare l&#8217;orale ad Ancona o a Fermo entro gennaio in una data che fisser\u00f2 per ciascuna delle sedi, oppure rimandare l&#8217;esame a dopo febbraio (presumibilmente sar\u00f2 disponibile da met\u00e0 marzo-inizio aprile).<\/p>\n<p><a href=\"http:\/\/math-diism.univpm.it\/telloni\/wp-content\/uploads\/sites\/14\/2014\/01\/Geometria_19-12.pdf\">Geometria_19-12<\/a><\/p>\n<p>&nbsp;<\/p>\n<p><strong>Avviso<\/strong><\/p>\n<p>Gli esiti dell&#8217;esame scritto di Geometria del 19\/12\/2015 saranno pubblicati su questa pagina entro venerd\u00ec 8 gennaio.<\/p>\n<p><strong>Esiti Esame Probabilit\u00e0 e Statistica Matematica del 18\/12\/2015<\/strong><\/p>\n<p>Lauria \u00a0 \u00a021<\/p>\n<p>Deda \u00a0 \u00a0 \u00a0 24<\/p>\n<p>Antonelli \u00a0 \u00a028<\/p>\n<p><strong>Esiti Esame Probabilit\u00e0 e Statistica Matematica del 12\/10\/2015<\/strong><\/p>\n<p>Castagna \u00a0 \u00a0 \u00a0 20<\/p>\n<p>Marchionni\u00a0 29<\/p>\n<p>Serva \u00a0 \u00a0 \u00a0 \u00a0 \u00a0 \u00a0 18<\/p>\n<p>Comunico che la prova scritta di<strong>\u00a0Geometria\u00a0<\/strong>del<strong>\u00a014<strong>\/10\/2015<\/strong> <\/strong>si svolger\u00e0 alle ore<span style=\"color: #000000\"><b>\u00a08 in aula 155 2\/3.<\/b><\/span><\/p>\n<p><strong>Esiti esame di Geometria\u00a0del 14\/09\/2015 e convocazioni prove orali<\/strong><\/p>\n<p><a href=\"http:\/\/math-diism.univpm.it\/telloni\/wp-content\/uploads\/sites\/14\/2014\/01\/Esiti-esame-Geometria-del-14.pdf\">Esiti esame Geometria del 14<\/a><\/p>\n<p><strong>Esiti Esame Probabilit\u00e0 e Statistica Matematica del 16\/09\/2015<\/strong><\/p>\n<p>Ulissi \u00a0 \u00a021<\/p>\n<p>Pistarelli 26<\/p>\n<p>Santini \u00a0 \u00a028<\/p>\n<p>&nbsp;<\/p>\n<p>Comunico che la prova scritta di <strong>Geometria<\/strong> del <strong>14<\/strong><strong>\/9\/2015<\/strong> si svolger\u00e0 in aula <strong>G2<\/strong> alle ore <strong>15.30<\/strong>.<\/p>\n<p>Comunico che la prova scritta di<strong> <strong>Probabilit\u00e0 e Statistica Matematica<\/strong>\u00a0<\/strong>del<strong>\u00a016<strong>\/9\/2015<\/strong> <\/strong>si svolger\u00e0 alle ore<strong> <strong>15<\/strong>.<\/strong><\/p>\n<p><strong>Avviso esame Probabilit\u00e0 e Statistica Matematica previsto per il 12 settembre 2015<\/strong><\/p>\n<p>Comunico che l&#8217;esame di Probabilit\u00e0 e Statistica Matematica indicato nell&#8217;area esse3web per il giorno 12 settembre 2015 non potr\u00e0 essere svolto in quella data in quanto la sede di Fermo \u00e8 chiusa di sabato. La prova verr\u00e0 invece svolta il giorno <strong>mercoled\u00ec 16 settembre 2015<\/strong>. L&#8217;orario dell&#8217;appello verr\u00e0 qui comunicato qualche giorno prima della prova.<\/p>\n<p><strong>Esame Geometria del 28\/07\/2015<\/strong><\/p>\n<p><strong><a href=\"http:\/\/math-diism.univpm.it\/telloni\/wp-content\/uploads\/sites\/14\/2014\/01\/PROVA-GEOMETRIA-28_07_2015.pdf\">PROVA GEOMETRIA 28_07_2015<\/a><\/strong><\/p>\n<p><strong>Esiti Esame Probabilit\u00e0 e Statistica Matematica del 27\/07\/2015<\/strong><\/p>\n<p><strong><a href=\"http:\/\/math-diism.univpm.it\/telloni\/wp-content\/uploads\/sites\/14\/2014\/01\/Esiti-prova-scritta-di-Probabilit\u00e0-e-Statistica-Matematica-del-27.pdf\">Esiti prova scritta di Probabilit\u00e0 e Statistica Matematica<\/a><\/strong><\/p>\n<p>Comunico che la prova scritta di <strong>Probabilit\u00e0 e Statistica Matematica<\/strong>\u00a0del <strong>27\/7\/2015<\/strong> si svolger\u00e0 alle ore <strong>15<\/strong>.<\/p>\n<p>Comunico che la prova scritta di <strong>Geometria<\/strong> del <strong>28\/7\/2015<\/strong> si svolger\u00e0 in aula <strong>G2<\/strong> alle ore <strong>14.30<\/strong>.<\/p>\n<p><strong>Esiti Esame Probabilit\u00e0 e Statistica Matematica del 14\/07\/2015<\/strong><\/p>\n<p>Huqi \u00a0 \u00a0 \u00a0 \u00a0 \u00a0 \u00a0 \u00a021<\/p>\n<p>Pesaresi \u00a0 \u00a0 \u00a0 \u00a0 15<\/p>\n<p>Petriola \u00a0 \u00a0 \u00a0 \u00a0 \u00a020<\/p>\n<p>&nbsp;<\/p>\n<p>Confermo che la prova\u00a0di Probabilit\u00e0 e Statistica Matematica per Ingegneria Gestionale del 14\/07\/2015 si svolger\u00e0 presso la sede di Fermo alle ore 15.<\/p>\n<p><strong>Esiti esame Geometria\u00a0del 17\/06\/2015<\/strong><\/p>\n<p>Nel file seguente sono pubblicati gli esiti della prova scritta di Geometria per Ingegneria Meccanica A-L svoltasi il 17 giugno scorso. Avviso gli studenti che la<strong> prova orale<\/strong> si svolger\u00e0 il prossimo <strong>marted\u00ec 30 giugno,<\/strong> durante la mattinata.<\/p>\n<p><a href=\"http:\/\/math-diism.univpm.it\/telloni\/wp-content\/uploads\/sites\/14\/2014\/01\/esiti-geometria-17-06.pdf\">esiti geometria 17-06<\/a><\/p>\n<p>&nbsp;<\/p>\n<p><strong>Esiti esame Probabilit\u00e0 e Statistica Matematica\u00a0del 17\/03\/2015<\/strong><\/p>\n<p><a href=\"http:\/\/math-diism.univpm.it\/telloni\/wp-content\/uploads\/sites\/14\/2014\/01\/Esiti-prova-scritta-del-17-marzo.pdf\">Esiti prova scritta del 17 marzo<\/a><\/p>\n<p><strong>Esiti esame Geometria\u00a0del 24\/02\/2015<\/strong><\/p>\n<p>La prova si intende superata con un punteggio non inferiore a 18. Le prove orali si svolgeranno presso il dipartimento di matematica, in aula seminari o in sala riunioni.<\/p>\n<p><a href=\"http:\/\/math-diism.univpm.it\/telloni\/wp-content\/uploads\/sites\/14\/2014\/01\/Esiti-prova-scritta-di-Geometria-del-24-febbraio-2015.pdf\">Esiti prova scritta di Geometria del 24 febbraio 2015<\/a><\/p>\n<p><strong>Esiti esame Probabilit\u00e0 e Statistica Matematica del 23\/02\/2015<\/strong><\/p>\n<p><a href=\"http:\/\/math-diism.univpm.it\/telloni\/wp-content\/uploads\/sites\/14\/2014\/01\/esiti-23feb.pdf\">esiti 23feb<\/a><\/p>\n<p><strong>Testi esame \u00a0<\/strong><a href=\"http:\/\/math-diism.univpm.it\/telloni\/wp-content\/uploads\/sites\/14\/2014\/01\/23gen14.pdf\">23gen14<\/a>\u00a0\u00a0<a href=\"http:\/\/math-diism.univpm.it\/telloni\/wp-content\/uploads\/sites\/14\/2014\/01\/12feb14.pdf\">11feb14<\/a>\u00a0\u00a0<a href=\"http:\/\/math-diism.univpm.it\/telloni\/wp-content\/uploads\/sites\/14\/2014\/01\/25feb14.pdf\">25feb14<\/a>\u00a0\u00a0<a href=\"http:\/\/math-diism.univpm.it\/telloni\/wp-content\/uploads\/sites\/14\/2014\/01\/31mar14.pdf\">31mar14<\/a>\u00a0<a href=\"http:\/\/math-diism.univpm.it\/telloni\/wp-content\/uploads\/sites\/14\/2014\/01\/20mag14.pdf\">20mag14<\/a>\u00a0<a href=\"http:\/\/math-diism.univpm.it\/telloni\/wp-content\/uploads\/sites\/14\/2014\/01\/10giu14.pdf\">10giu14<\/a>\u00a0<a href=\"http:\/\/math-diism.univpm.it\/telloni\/wp-content\/uploads\/sites\/14\/2014\/01\/15lug14.pdf\">15lug14<\/a>\u00a0<a href=\"http:\/\/math-diism.univpm.it\/telloni\/wp-content\/uploads\/sites\/14\/2014\/01\/30lug14.pdf\">30lug14<\/a><\/p>\n<p>&nbsp;<\/p>\n<p>L&#8217;aula in cui si svolgeranno le prove d&#8217;esame potr\u00e0 essere confermata qualche giorno prima delle prove. Vi invito perci\u00f2 a controllare sempre su questa pagina web, in cui saranno pubblicati anche gli orari delle prove.<\/p>\n<p>Ricordo che per partecipare alle prove di Geometria e Probabilit\u00e0 e Statistica matematica \u00a0\u00e8 indispensabile l&#8217;iscrizione all&#8217;esame, da effettuare attraverso il sito esse3web.univpm.it, attraverso le credenziali di ateneo.<\/p>\n","protected":false},"excerpt":{"rendered":"<p>Comunico agli studenti che devono sostenere la prova orale di Geometria che sar\u00f2 disponibile marted\u00ec 7 marzo presso la sede di Ancona, in mattinata. Gli interessati sono pregati di confermarmi la loro presenza o di comunicarmi la loro eventuale preferenza &hellip; <a href=\"https:\/\/math-diism.univpm.it\/telloni\/esami-2013-14\/\">Continue reading <span class=\"meta-nav\">&rarr;<\/span><\/a><\/p>\n","protected":false},"author":13,"featured_media":0,"parent":0,"menu_order":0,"comment_status":"open","ping_status":"open","template":"","meta":{"footnotes":""},"class_list":["post-73","page","type-page","status-publish","hentry"],"_links":{"self":[{"href":"https:\/\/math-diism.univpm.it\/telloni\/wp-json\/wp\/v2\/pages\/73","targetHints":{"allow":["GET"]}}],"collection":[{"href":"https:\/\/math-diism.univpm.it\/telloni\/wp-json\/wp\/v2\/pages"}],"about":[{"href":"https:\/\/math-diism.univpm.it\/telloni\/wp-json\/wp\/v2\/types\/page"}],"author":[{"embeddable":true,"href":"https:\/\/math-diism.univpm.it\/telloni\/wp-json\/wp\/v2\/users\/13"}],"replies":[{"embeddable":true,"href":"https:\/\/math-diism.univpm.it\/telloni\/wp-json\/wp\/v2\/comments?post=73"}],"version-history":[{"count":121,"href":"https:\/\/math-diism.univpm.it\/telloni\/wp-json\/wp\/v2\/pages\/73\/revisions"}],"predecessor-version":[{"id":474,"href":"https:\/\/math-diism.univpm.it\/telloni\/wp-json\/wp\/v2\/pages\/73\/revisions\/474"}],"wp:attachment":[{"href":"https:\/\/math-diism.univpm.it\/telloni\/wp-json\/wp\/v2\/media?parent=73"}],"curies":[{"name":"wp","href":"https:\/\/api.w.org\/{rel}","templated":true}]}}