{"id":12,"date":"2013-10-06T23:12:54","date_gmt":"2013-10-06T21:12:54","guid":{"rendered":"http:\/\/math-diism.univpm.it\/telloni\/?page_id=12"},"modified":"2015-12-12T17:07:54","modified_gmt":"2015-12-12T16:07:54","slug":"i-miei-corsi-materiale-didattico","status":"publish","type":"page","link":"https:\/\/math-diism.univpm.it\/telloni\/i-miei-corsi-materiale-didattico\/","title":{"rendered":"Teaching"},"content":{"rendered":"<p><strong>Avviso per Probabilit\u00e0 e Statistica Matematica<\/strong><\/p>\n<p>Comunico che marted\u00ec 16 dicembre dalle ore 14,30 alle ore 16,30 si terr\u00e0 la<strong> lezione di recupero<\/strong> di Probabilit\u00e0 e Statistica Matematica.<\/p>\n<p><strong>Avviso per\u00a0Geometria<\/strong><\/p>\n<p>Comunico che luned\u00ec 15 dicembre dalle ore 14,30 alle ore 16,30 si terr\u00e0 in aula 145\/2 la<strong> lezione di recupero<\/strong> di Geometria.<\/p>\n<p>Geometria &#8211; Ing. Biomedica, 2012-13<\/p>\n<p>Geometria &#8211; Ing. Meccanica A\/L, dal 2012 &#8211; 13 al 2015-16<\/p>\n<p><strong>Geometria &#8211; Ing. Meccanica A\/L<\/strong>, dal 2013 &#8211; 14 al 2015 &#8211; 16<\/p>\n<p>Orario: Marted\u00ec 13.30-15.30 (aula 145\/3), Mercoled\u00ec 10.30-12.30 (aula 145\/1), Gioved\u00ec 10.30-12.30 (aula 145\/2)<\/p>\n<p>Ricevimento: marted\u00ec 12.30-13.30 (meglio se si concorda via email un appuntamento per questo o un altro orario)<\/p>\n<p><a style=\"line-height: 1.714285714;font-size: 1rem\" href=\"http:\/\/math-diism.univpm.it\/telloni\/wp-content\/uploads\/sites\/14\/2013\/10\/Programma_Meccanica.pdf\">Programma_Geometria (Ing. Meccanica<\/a>)<\/p>\n<p><a href=\"http:\/\/math-diism.univpm.it\/telloni\/wp-content\/uploads\/sites\/14\/2013\/10\/Registro-lezioni-di-Geometria6.pdf\">Registro lezioni di Geometria<\/a><\/p>\n<p>Esercitazioni (aggiornate il 9\/10\/2015)<\/p>\n<p><a href=\"http:\/\/math-diism.univpm.it\/telloni\/wp-content\/uploads\/sites\/14\/2013\/10\/esercizi_sv1.pdf\">esercizi_sv<\/a>\u00a0\u00a0\u00a0<a href=\"http:\/\/math-diism.univpm.it\/telloni\/wp-content\/uploads\/sites\/14\/2013\/10\/esercizi_matrici_sistemi.pdf\">esercizi_matrici_sistemi<\/a> <a href=\"http:\/\/math-diism.univpm.it\/telloni\/wp-content\/uploads\/sites\/14\/2013\/10\/esercizi_matrici_sistemi_soluzioni.pdf\">esercizi_matrici_sistemi_soluzioni<\/a>\u00a0<a href=\"http:\/\/math-diism.univpm.it\/telloni\/wp-content\/uploads\/sites\/14\/2013\/10\/esercizi_appl_lin.pdf\">esercizi_appl_lin<\/a>\u00a0 \u00a0 \u00a0 \u00a0 <a href=\"http:\/\/math-diism.univpm.it\/telloni\/wp-content\/uploads\/sites\/14\/2013\/10\/esercizisol_diagonalizzazione.pdf\">esercizi&amp;sol_diagonalizzazione<\/a>\u00a0 \u00a0<a href=\"http:\/\/math-diism.univpm.it\/telloni\/wp-content\/uploads\/sites\/14\/2013\/10\/esercizi_geometria.pdf\">esercizi_geometria<\/a><\/p>\n<p>Alcune prove d&#8217;esame:\u00a0<a href=\"http:\/\/math-diism.univpm.it\/telloni\/wp-content\/uploads\/sites\/14\/2013\/10\/IIIappelloBio.pdf\">IIIappelloBio<\/a>\u00a0<a href=\"http:\/\/math-diism.univpm.it\/telloni\/wp-content\/uploads\/sites\/14\/2013\/10\/IIappelloBio1.pdf\">IIappelloBio<\/a>\u00a0<a href=\"http:\/\/math-diism.univpm.it\/telloni\/wp-content\/uploads\/sites\/14\/2013\/10\/IappelloBio.pdf\">IappelloBio<\/a>\u00a0<a href=\"http:\/\/math-diism.univpm.it\/telloni\/wp-content\/uploads\/sites\/14\/2013\/10\/IIIappelloMecc.pdf\">IIIappelloMecc<\/a>\u00a0<a href=\"http:\/\/math-diism.univpm.it\/telloni\/wp-content\/uploads\/sites\/14\/2013\/10\/14ott15.pdf\">14ott15<\/a>\u00a0<a href=\"http:\/\/math-diism.univpm.it\/telloni\/wp-content\/uploads\/sites\/14\/2013\/10\/18set131.pdf\">18set13<\/a><\/p>\n<p><strong>Probabilit\u00e0 e Statistica Matematica &#8211; Ing. Gestionale (Fermo)<\/strong>, dal 2013-14 al 2015-16<\/p>\n<p>Orario: Marted\u00ec 8.30-10.30, Gioved\u00ec 15.30-17.30<\/p>\n<p>Ricevimento: marted\u00ec 14.30-15.30 (meglio se si concorda via email un appuntamento per questo o un altro orario)<\/p>\n<p><a href=\"http:\/\/math-diism.univpm.it\/telloni\/wp-content\/uploads\/sites\/14\/2013\/10\/Registro-lezioni-di-Probabilit\u00e0-e-Statistica-matematica6.pdf\">Registro lezioni di Probabilit\u00e0 e Statistica matematica<\/a><\/p>\n<p>Dispensa di calcolo combinatorio:\u00a0<a href=\"http:\/\/math-diism.univpm.it\/telloni\/wp-content\/uploads\/sites\/14\/2013\/10\/calc_comb.pdf\">calc_comb<\/a><\/p>\n<p>Alcune prove d&#8217;esame:\u00a0<a href=\"http:\/\/math-diism.univpm.it\/telloni\/wp-content\/uploads\/sites\/14\/2013\/10\/12feb14.pdf\">12feb14<\/a>\u00a0<a href=\"http:\/\/math-diism.univpm.it\/telloni\/wp-content\/uploads\/sites\/14\/2013\/10\/15lug14.pdf\">15lug14<\/a>\u00a0<a href=\"http:\/\/math-diism.univpm.it\/telloni\/wp-content\/uploads\/sites\/14\/2013\/10\/23gen14.pdf\">23gen14<\/a>\u00a0<a href=\"http:\/\/math-diism.univpm.it\/telloni\/wp-content\/uploads\/sites\/14\/2013\/10\/12ott15.pdf\">12ott15<\/a><\/p>\n","protected":false},"excerpt":{"rendered":"<p>Avviso per Probabilit\u00e0 e Statistica Matematica Comunico che marted\u00ec 16 dicembre dalle ore 14,30 alle ore 16,30 si terr\u00e0 la lezione di recupero di Probabilit\u00e0 e Statistica Matematica. Avviso per\u00a0Geometria Comunico che luned\u00ec 15 dicembre dalle ore 14,30 alle ore &hellip; <a href=\"https:\/\/math-diism.univpm.it\/telloni\/i-miei-corsi-materiale-didattico\/\">Continue reading <span class=\"meta-nav\">&rarr;<\/span><\/a><\/p>\n","protected":false},"author":13,"featured_media":0,"parent":0,"menu_order":0,"comment_status":"open","ping_status":"open","template":"","meta":{"footnotes":""},"class_list":["post-12","page","type-page","status-publish","hentry"],"_links":{"self":[{"href":"https:\/\/math-diism.univpm.it\/telloni\/wp-json\/wp\/v2\/pages\/12","targetHints":{"allow":["GET"]}}],"collection":[{"href":"https:\/\/math-diism.univpm.it\/telloni\/wp-json\/wp\/v2\/pages"}],"about":[{"href":"https:\/\/math-diism.univpm.it\/telloni\/wp-json\/wp\/v2\/types\/page"}],"author":[{"embeddable":true,"href":"https:\/\/math-diism.univpm.it\/telloni\/wp-json\/wp\/v2\/users\/13"}],"replies":[{"embeddable":true,"href":"https:\/\/math-diism.univpm.it\/telloni\/wp-json\/wp\/v2\/comments?post=12"}],"version-history":[{"count":34,"href":"https:\/\/math-diism.univpm.it\/telloni\/wp-json\/wp\/v2\/pages\/12\/revisions"}],"predecessor-version":[{"id":370,"href":"https:\/\/math-diism.univpm.it\/telloni\/wp-json\/wp\/v2\/pages\/12\/revisions\/370"}],"wp:attachment":[{"href":"https:\/\/math-diism.univpm.it\/telloni\/wp-json\/wp\/v2\/media?parent=12"}],"curies":[{"name":"wp","href":"https:\/\/api.w.org\/{rel}","templated":true}]}}