{"id":45,"date":"2014-11-05T10:28:04","date_gmt":"2014-11-05T09:28:04","guid":{"rendered":"http:\/\/math-diism.univpm.it\/sfecci\/?page_id=45"},"modified":"2018-10-31T17:04:09","modified_gmt":"2018-10-31T16:04:09","slug":"appelli-geometria-ca","status":"publish","type":"page","link":"https:\/\/math-diism.univpm.it\/sfecci\/geometria-ca\/appelli-geometria-ca\/","title":{"rendered":"Appelli Geometria CA"},"content":{"rendered":"<p>A.A. 2017-2018:<\/p>\n<ul>\n<li>gioved\u00ec 18 gennaio 2018. Link\u00a0<a href=\"http:\/\/math-diism.univpm.it\/sfecci\/wp-content\/uploads\/sites\/18\/2018\/01\/RisposteGEO_2018_01.pdf\">esame scritto con risoluzione<\/a>.<\/li>\n<li>gioved\u00ec 15 febbraio 2018. Link\u00a0<a href=\"http:\/\/math-diism.univpm.it\/sfecci\/wp-content\/uploads\/sites\/18\/2018\/02\/GeoCA02risp.pdf\">esame scritto con risoluzione<\/a>.<\/li>\n<li>sabato 10 marzo 2018. Link\u00a0<a href=\"http:\/\/math-diism.univpm.it\/sfecci\/wp-content\/uploads\/sites\/18\/2018\/03\/GeoCA03risp.pdf\">esame scritto con risoluzione<\/a>.<\/li>\n<li>mercoled\u00ec 4 aprile 2018.<span style=\"line-height: 1.5\">\u00a0<\/span>Link\u00a0<a href=\"http:\/\/math-diism.univpm.it\/sfecci\/wp-content\/uploads\/sites\/18\/2018\/04\/GeoCA04risp.pdf\">esame scritto con risoluzione<\/a>.<\/li>\n<li>venerd\u00ec 15 giugno 2018.<span style=\"line-height: 1.5\">\u00a0<\/span>Link\u00a0<a href=\"http:\/\/math-diism.univpm.it\/sfecci\/wp-content\/uploads\/sites\/18\/2018\/06\/RisposteGIU.pdf\">esame scritto con risoluzione<\/a>.<\/li>\n<li>luned\u00ec 2 luglio 2018.\u00a0<span style=\"line-height: 1.5\">Link\u00a0<\/span><a style=\"line-height: 1.5\" href=\"http:\/\/math-diism.univpm.it\/sfecci\/wp-content\/uploads\/sites\/18\/2018\/07\/Risposte-luglio.pdf\">esame scritto con risoluzione<\/a><span style=\"line-height: 1.5\">.\u00a0<\/span><\/li>\n<li>luned\u00ec 17 settembre 2018. <span style=\"line-height: 1.5\">Relativo <\/span><a style=\"line-height: 1.5\" href=\"http:\/\/math-diism.univpm.it\/sfecci\/geometria-ca\/appelli-geometria-ca\/esiti-geo-ca\/\">esito<\/a><span style=\"line-height: 1.5\">.\u00a0<\/span><span style=\"line-height: 1.5\">Link\u00a0<\/span><a style=\"line-height: 1.5\" href=\"http:\/\/math-diism.univpm.it\/sfecci\/wp-content\/uploads\/sites\/18\/2018\/09\/RisposteSET.pdf\">esame scritto con risoluzione<\/a><span style=\"line-height: 1.5\">.<\/span><\/li>\n<li>mercoled\u00ec 7 novembre 2018, aula <strong>145\/3 ore 15.30<\/strong>. Preciso che lo scrittino di teoria si terr\u00e0 con elevate probabilit\u00e0 il venerd\u00ec 16 alle 8.30 presso il mio ufficio come unica data disponibile.<\/li>\n<\/ul>\n<p>&nbsp;<\/p>\n<p>A causa di una recente incomprensione con una studentessa, specifico ulteriormente che lo scritto consiste di esercizi e lo\u00a0\u00a0&#8220;scrittino&#8221; di domande di teoria (dimostrazioni incluse).<\/p>\n<p>Link a vecchi scritti dati da me (A.A. 2014-2015):<\/p>\n<ul>\n<li style=\"list-style-type: none\">\n<ul>\n<li>08\/01\/2015 Link\u00a0<a href=\"http:\/\/math-diism.univpm.it\/sfecci\/wp-content\/uploads\/sites\/18\/2015\/04\/Soluzioni-8gen.pdf\">esame scritto con risoluzione<\/a><\/li>\n<li>29\/01\/2015 Link\u00a0<a href=\"http:\/\/math-diism.univpm.it\/sfecci\/wp-content\/uploads\/sites\/18\/2015\/04\/Soluzioni-29gen.pdf\">esame scritto con risoluzione<\/a><\/li>\n<li>19\/02\/2015 Link\u00a0<a href=\"http:\/\/math-diism.univpm.it\/sfecci\/wp-content\/uploads\/sites\/18\/2015\/04\/Soluzioni-19feb.pdf\">esame scritto con risoluzione<\/a><\/li>\n<li>14\/03\/2015 Link\u00a0<a href=\"http:\/\/math-diism.univpm.it\/sfecci\/wp-content\/uploads\/sites\/18\/2015\/04\/Soluzioni-mar.pdf\">esame scritto con risoluzione<\/a><\/li>\n<li>18\/04\/2015 Link\u00a0<a href=\"http:\/\/math-diism.univpm.it\/sfecci\/wp-content\/uploads\/sites\/18\/2015\/04\/Appello-apr.pdf\">esame scritto con risoluzione<\/a><\/li>\n<li>11\/06\/2015 Link\u00a0<a href=\"http:\/\/math-diism.univpm.it\/sfecci\/wp-content\/uploads\/sites\/18\/2015\/06\/Soluzioni-11giu.pdf\">esame scritto con risoluzione<\/a><\/li>\n<li>25\/06\/2015 Link\u00a0<a href=\"http:\/\/math-diism.univpm.it\/sfecci\/wp-content\/uploads\/sites\/18\/2015\/06\/Soluzione.pdf\">esame scritto con risoluzione<\/a><\/li>\n<li>03\/09\/2015 Link\u00a0<a href=\"http:\/\/math-diism.univpm.it\/sfecci\/wp-content\/uploads\/sites\/18\/2015\/09\/SoluzSet.pdf\">esame scritto con risoluzione<\/a><\/li>\n<\/ul>\n<\/li>\n<\/ul>\n<p>&nbsp;<\/p>\n","protected":false},"excerpt":{"rendered":"<p>A.A. 2017-2018: gioved\u00ec 18 gennaio 2018. Link\u00a0esame scritto con risoluzione. gioved\u00ec 15 febbraio 2018. Link\u00a0esame scritto con risoluzione. sabato 10 marzo 2018. Link\u00a0esame scritto con risoluzione. mercoled\u00ec 4 aprile 2018.\u00a0Link\u00a0esame scritto con risoluzione. venerd\u00ec 15 giugno 2018.\u00a0Link\u00a0esame scritto con risoluzione. luned\u00ec 2 luglio 2018.\u00a0Link\u00a0esame scritto con risoluzione.\u00a0 luned\u00ec 17 settembre 2018. Relativo esito.\u00a0Link\u00a0esame scritto con &hellip; <a href=\"https:\/\/math-diism.univpm.it\/sfecci\/geometria-ca\/appelli-geometria-ca\/\" class=\"more-link\">Continua la lettura di <span class=\"screen-reader-text\">Appelli Geometria CA<\/span> <span class=\"meta-nav\">&rarr;<\/span><\/a><\/p>\n","protected":false},"author":18,"featured_media":0,"parent":12,"menu_order":2,"comment_status":"closed","ping_status":"closed","template":"","meta":{"footnotes":""},"class_list":["post-45","page","type-page","status-publish","hentry"],"_links":{"self":[{"href":"https:\/\/math-diism.univpm.it\/sfecci\/wp-json\/wp\/v2\/pages\/45","targetHints":{"allow":["GET"]}}],"collection":[{"href":"https:\/\/math-diism.univpm.it\/sfecci\/wp-json\/wp\/v2\/pages"}],"about":[{"href":"https:\/\/math-diism.univpm.it\/sfecci\/wp-json\/wp\/v2\/types\/page"}],"author":[{"embeddable":true,"href":"https:\/\/math-diism.univpm.it\/sfecci\/wp-json\/wp\/v2\/users\/18"}],"replies":[{"embeddable":true,"href":"https:\/\/math-diism.univpm.it\/sfecci\/wp-json\/wp\/v2\/comments?post=45"}],"version-history":[{"count":119,"href":"https:\/\/math-diism.univpm.it\/sfecci\/wp-json\/wp\/v2\/pages\/45\/revisions"}],"predecessor-version":[{"id":769,"href":"https:\/\/math-diism.univpm.it\/sfecci\/wp-json\/wp\/v2\/pages\/45\/revisions\/769"}],"up":[{"embeddable":true,"href":"https:\/\/math-diism.univpm.it\/sfecci\/wp-json\/wp\/v2\/pages\/12"}],"wp:attachment":[{"href":"https:\/\/math-diism.univpm.it\/sfecci\/wp-json\/wp\/v2\/media?parent=45"}],"curies":[{"name":"wp","href":"https:\/\/api.w.org\/{rel}","templated":true}]}}