{"id":2,"date":"2014-11-04T10:16:36","date_gmt":"2014-11-04T09:16:36","guid":{"rendered":"http:\/\/math-diism.univpm.it\/sfecci\/?page_id=2"},"modified":"2018-10-25T16:28:54","modified_gmt":"2018-10-25T14:28:54","slug":"ricerca","status":"publish","type":"page","link":"https:\/\/math-diism.univpm.it\/sfecci\/ricerca\/","title":{"rendered":"Ricerca"},"content":{"rendered":"<p>Versione preliminare &#8212; da aggiornare &#8212;<\/p>\n<p><strong>Studio qualitativo di equazioni differenziali<\/strong><\/p>\n<p>(le citazioni sono ad articoli visibili tra le pubblicazioni)<\/p>\n<p>La mia attivit\u00e0\u00a0di ricerca si concentra prevalentemente nello studio di equazioni (e sistemi di equazioni) differenziali ordinarie, attraverso l\u2019applicazione di metodi topologici; in particolare, la discussione dell\u2019esistenza e molteplicit\u00e0 di soluzioni periodiche. In [1], ho presentato un nuovo metodo per ottenere l\u2019esistenza di soluzioni periodiche per sistemi planari. Questo metodo, \u00e8 stato poi sfruttato per trovare l\u2019esistenza di soluzioni periodiche nel caso di sistemi di oscillatori accoppiati [3] e per l\u2019oscillatore con impatto [4]. In [5,6], ho studiato una nuova classe di sistemi planari isocroni (anche in presenza di singolarit\u00e0) con particolare attenzione all\u2019esistenza di soluzioni periodiche quando questi vengano periodicamente perturbati. Recentemente in [7], lo studio dell\u2019esistenza di infinite soluzioni periodiche per sistemi con nonlinearit\u00e0 con crescita asintoticamente superlineare \u00e8 stato analizzato. Sono state studiate anche equazioni ellittiche con nonlinearit\u00e0 radiali con condizioni al contorno di tipo Neumann, in [2].<\/p>\n","protected":false},"excerpt":{"rendered":"<p>Versione preliminare &#8212; da aggiornare &#8212; Studio qualitativo di equazioni differenziali (le citazioni sono ad articoli visibili tra le pubblicazioni) La mia attivit\u00e0\u00a0di ricerca si concentra prevalentemente nello studio di equazioni (e sistemi di equazioni) differenziali ordinarie, attraverso l\u2019applicazione di metodi topologici; in particolare, la discussione dell\u2019esistenza e molteplicit\u00e0 di soluzioni periodiche. In [1], ho &hellip; <a href=\"https:\/\/math-diism.univpm.it\/sfecci\/ricerca\/\" class=\"more-link\">Continua la lettura di <span class=\"screen-reader-text\">Ricerca<\/span> <span class=\"meta-nav\">&rarr;<\/span><\/a><\/p>\n","protected":false},"author":18,"featured_media":32,"parent":0,"menu_order":1,"comment_status":"closed","ping_status":"closed","template":"","meta":{"footnotes":""},"class_list":["post-2","page","type-page","status-publish","has-post-thumbnail","hentry"],"_links":{"self":[{"href":"https:\/\/math-diism.univpm.it\/sfecci\/wp-json\/wp\/v2\/pages\/2","targetHints":{"allow":["GET"]}}],"collection":[{"href":"https:\/\/math-diism.univpm.it\/sfecci\/wp-json\/wp\/v2\/pages"}],"about":[{"href":"https:\/\/math-diism.univpm.it\/sfecci\/wp-json\/wp\/v2\/types\/page"}],"author":[{"embeddable":true,"href":"https:\/\/math-diism.univpm.it\/sfecci\/wp-json\/wp\/v2\/users\/18"}],"replies":[{"embeddable":true,"href":"https:\/\/math-diism.univpm.it\/sfecci\/wp-json\/wp\/v2\/comments?post=2"}],"version-history":[{"count":4,"href":"https:\/\/math-diism.univpm.it\/sfecci\/wp-json\/wp\/v2\/pages\/2\/revisions"}],"predecessor-version":[{"id":712,"href":"https:\/\/math-diism.univpm.it\/sfecci\/wp-json\/wp\/v2\/pages\/2\/revisions\/712"}],"wp:featuredmedia":[{"embeddable":true,"href":"https:\/\/math-diism.univpm.it\/sfecci\/wp-json\/wp\/v2\/media\/32"}],"wp:attachment":[{"href":"https:\/\/math-diism.univpm.it\/sfecci\/wp-json\/wp\/v2\/media?parent=2"}],"curies":[{"name":"wp","href":"https:\/\/api.w.org\/{rel}","templated":true}]}}