{"id":7,"date":"2019-10-17T13:06:04","date_gmt":"2019-10-17T11:06:04","guid":{"rendered":"http:\/\/math-diism.univpm.it\/rade2019\/?page_id=7"},"modified":"2019-10-20T15:46:50","modified_gmt":"2019-10-20T13:46:50","slug":"speakers","status":"publish","type":"page","link":"https:\/\/math-diism.univpm.it\/rade2019\/speakers\/","title":{"rendered":"Speakers"},"content":{"rendered":"\n<p>Jan Andres (Palack\u00fd University \u2013 Olomouc)<br>Irene Benedetti (Universit\u00e0 di Perugia)<br>Andrea Corli (Universit\u00e0 di Ferrara)<br>Zuzana Do\u0161l\u00e1 (Masaryk University \u2013 Brno)<br>Maurizio Garrione (Politecnico di Milano)<br>Valeri Obukhovskii (Voronezh State University)<br>Martina Pavla\u010dkov\u00e1 (Palack\u00fd University \u2013 Olomouc)<br>Paola Rubbioni (Universit\u00e0 di Perugia)<br>Valentina Taddei (Universit\u00e0 di Modena \u2013 Reggio Emilia)<br>Fabio Zanolin (Universit\u00e0 di Udine)<\/p>\n","protected":false},"excerpt":{"rendered":"<p>Jan Andres (Palack\u00fd University \u2013 Olomouc)Irene Benedetti (Universit\u00e0 di Perugia)Andrea Corli (Universit\u00e0 di Ferrara)Zuzana Do\u0161l\u00e1 (Masaryk University \u2013 Brno)Maurizio Garrione (Politecnico di Milano)Valeri Obukhovskii (Voronezh State University)Martina Pavla\u010dkov\u00e1 (Palack\u00fd University \u2013 Olomouc)Paola Rubbioni (Universit\u00e0 di Perugia)Valentina Taddei (Universit\u00e0 di Modena&hellip; <\/p>\n","protected":false},"author":26,"featured_media":0,"parent":0,"menu_order":0,"comment_status":"closed","ping_status":"closed","template":"","meta":{"footnotes":""},"class_list":["post-7","page","type-page","status-publish","hentry"],"_links":{"self":[{"href":"https:\/\/math-diism.univpm.it\/rade2019\/wp-json\/wp\/v2\/pages\/7","targetHints":{"allow":["GET"]}}],"collection":[{"href":"https:\/\/math-diism.univpm.it\/rade2019\/wp-json\/wp\/v2\/pages"}],"about":[{"href":"https:\/\/math-diism.univpm.it\/rade2019\/wp-json\/wp\/v2\/types\/page"}],"author":[{"embeddable":true,"href":"https:\/\/math-diism.univpm.it\/rade2019\/wp-json\/wp\/v2\/users\/26"}],"replies":[{"embeddable":true,"href":"https:\/\/math-diism.univpm.it\/rade2019\/wp-json\/wp\/v2\/comments?post=7"}],"version-history":[{"count":3,"href":"https:\/\/math-diism.univpm.it\/rade2019\/wp-json\/wp\/v2\/pages\/7\/revisions"}],"predecessor-version":[{"id":52,"href":"https:\/\/math-diism.univpm.it\/rade2019\/wp-json\/wp\/v2\/pages\/7\/revisions\/52"}],"wp:attachment":[{"href":"https:\/\/math-diism.univpm.it\/rade2019\/wp-json\/wp\/v2\/media?parent=7"}],"curies":[{"name":"wp","href":"https:\/\/api.w.org\/{rel}","templated":true}]}}