{"id":6,"date":"2019-04-12T17:42:36","date_gmt":"2019-04-12T15:42:36","guid":{"rendered":"http:\/\/math-diism.univpm.it\/nodysa\/?page_id=6"},"modified":"2019-05-03T10:52:34","modified_gmt":"2019-05-03T08:52:34","slug":"speakers","status":"publish","type":"page","link":"https:\/\/math-diism.univpm.it\/nodysa\/speakers\/","title":{"rendered":"Speakers"},"content":{"rendered":"\n<ul class=\"wp-block-list\"><li>Flaviano Battelli (Universit\u00e0 Politecnica delle Marche)<\/li><li>Alberto Boscaggin (Universit\u00e0 di Torino)<\/li><li>Cinzia Elia (Universit\u00e0 di Bari)<\/li><li>Roberta Fabbri (Universit\u00e0 di Firenze)<\/li><li>Maurizio Garrione (Politecnico di Milano)<\/li><li>Carmen N\u00fa\u00f1ez (Universidad de Valladolid)<\/li><li>Kenneth J. Palmer (National Taiwan University, Taipei)<\/li><li>Christan P\u00f6tzsche (Alpen-Adria Universit\u00e4t, Klagenfurt)<\/li><li>Andrea Sfecci (Universit\u00e0 di Trieste)<\/li><li>Luca Zampogni (Universit\u00e0 di Perugia)<\/li><li>Fabio Zanolin (Universit\u00e0 di Udine)<\/li><\/ul>\n\n\n\n<p><\/p>\n","protected":false},"excerpt":{"rendered":"<p>Flaviano Battelli (Universit\u00e0 Politecnica delle Marche) Alberto Boscaggin (Universit\u00e0 di Torino) Cinzia Elia (Universit\u00e0 di Bari) Roberta Fabbri (Universit\u00e0 di Firenze) Maurizio Garrione (Politecnico di Milano) Carmen N\u00fa\u00f1ez (Universidad de Valladolid) Kenneth J. Palmer (National Taiwan University, Taipei) Christan P\u00f6tzsche&hellip; <\/p>\n","protected":false},"author":24,"featured_media":0,"parent":0,"menu_order":0,"comment_status":"closed","ping_status":"closed","template":"","meta":{"footnotes":""},"class_list":["post-6","page","type-page","status-publish","hentry"],"_links":{"self":[{"href":"https:\/\/math-diism.univpm.it\/nodysa\/wp-json\/wp\/v2\/pages\/6","targetHints":{"allow":["GET"]}}],"collection":[{"href":"https:\/\/math-diism.univpm.it\/nodysa\/wp-json\/wp\/v2\/pages"}],"about":[{"href":"https:\/\/math-diism.univpm.it\/nodysa\/wp-json\/wp\/v2\/types\/page"}],"author":[{"embeddable":true,"href":"https:\/\/math-diism.univpm.it\/nodysa\/wp-json\/wp\/v2\/users\/24"}],"replies":[{"embeddable":true,"href":"https:\/\/math-diism.univpm.it\/nodysa\/wp-json\/wp\/v2\/comments?post=6"}],"version-history":[{"count":6,"href":"https:\/\/math-diism.univpm.it\/nodysa\/wp-json\/wp\/v2\/pages\/6\/revisions"}],"predecessor-version":[{"id":104,"href":"https:\/\/math-diism.univpm.it\/nodysa\/wp-json\/wp\/v2\/pages\/6\/revisions\/104"}],"wp:attachment":[{"href":"https:\/\/math-diism.univpm.it\/nodysa\/wp-json\/wp\/v2\/media?parent=6"}],"curies":[{"name":"wp","href":"https:\/\/api.w.org\/{rel}","templated":true}]}}