{"id":14,"date":"2019-04-12T17:50:38","date_gmt":"2019-04-12T15:50:38","guid":{"rendered":"http:\/\/math-diism.univpm.it\/nodysa\/?page_id=14"},"modified":"2019-09-06T15:40:41","modified_gmt":"2019-09-06T13:40:41","slug":"participants","status":"publish","type":"page","link":"https:\/\/math-diism.univpm.it\/nodysa\/participants\/","title":{"rendered":"Participants"},"content":{"rendered":"\n<ul class=\"wp-block-list\"><li>Flaviano Battelli (Universit\u00e0 Politecnica delle Marche)<\/li><li>Alberto Boscaggin (Universit\u00e0 di Torino)<\/li><li>Stefano Biagi (Universit\u00e0 Politecnica delle Marche)<\/li><li>Alessandro Calamai (Universit\u00e0 Politecnica delle Marche)<\/li><li>Tiziana Cardinali (Universit\u00e0 di Perugia)<\/li><li>Cinzia Elia (Universit\u00e0 di Bari)<\/li><li>Roberta Fabbri (Universit\u00e0 di Firenze)<\/li><li>Matteo Franca (Universit\u00e0 Politecnica delle Marche)<\/li><li>Massimo Furi (Universit\u00e0 di Firenze)<\/li><li>Maurizio Garrione (Politecnico di Milano)<\/li><li>Teresa Isernia (Universit\u00e0 Politecnica delle Marche)<\/li><li>Carmen N\u00fa\u00f1ez (Universidad de Valladolid)<\/li><li>Kenneth J. Palmer (National Taiwan University, Taipei)<\/li><li>Maria Patrizia Pera (Universit\u00e0 di Firenze)<\/li><li>Christan P\u00f6tzsche (Alpen-Adria Universit\u00e4t, Klagenfurt)<\/li><li>Paola Rubbioni (Universit\u00e0 di Perugia)<\/li><li>Marco Sabatini (Universit\u00e0 di Trento)<\/li><li>Andrea Sfecci (Universit\u00e0 di Trieste)<\/li><li>Marco Spadini (Universit\u00e0 di Firenze)<\/li><li>Luca Zampogni (Universit\u00e0 di Perugia)<\/li><li>Fabio Zanolin (Universit\u00e0 di Udine)<\/li><\/ul>\n","protected":false},"excerpt":{"rendered":"<p>Flaviano Battelli (Universit\u00e0 Politecnica delle Marche) Alberto Boscaggin (Universit\u00e0 di Torino) Stefano Biagi (Universit\u00e0 Politecnica delle Marche) Alessandro Calamai (Universit\u00e0 Politecnica delle Marche) Tiziana Cardinali (Universit\u00e0 di Perugia) Cinzia Elia (Universit\u00e0 di Bari) Roberta Fabbri (Universit\u00e0 di Firenze) Matteo Franca&hellip; <\/p>\n","protected":false},"author":24,"featured_media":0,"parent":0,"menu_order":0,"comment_status":"closed","ping_status":"closed","template":"","meta":{"footnotes":""},"class_list":["post-14","page","type-page","status-publish","hentry"],"_links":{"self":[{"href":"https:\/\/math-diism.univpm.it\/nodysa\/wp-json\/wp\/v2\/pages\/14","targetHints":{"allow":["GET"]}}],"collection":[{"href":"https:\/\/math-diism.univpm.it\/nodysa\/wp-json\/wp\/v2\/pages"}],"about":[{"href":"https:\/\/math-diism.univpm.it\/nodysa\/wp-json\/wp\/v2\/types\/page"}],"author":[{"embeddable":true,"href":"https:\/\/math-diism.univpm.it\/nodysa\/wp-json\/wp\/v2\/users\/24"}],"replies":[{"embeddable":true,"href":"https:\/\/math-diism.univpm.it\/nodysa\/wp-json\/wp\/v2\/comments?post=14"}],"version-history":[{"count":9,"href":"https:\/\/math-diism.univpm.it\/nodysa\/wp-json\/wp\/v2\/pages\/14\/revisions"}],"predecessor-version":[{"id":193,"href":"https:\/\/math-diism.univpm.it\/nodysa\/wp-json\/wp\/v2\/pages\/14\/revisions\/193"}],"wp:attachment":[{"href":"https:\/\/math-diism.univpm.it\/nodysa\/wp-json\/wp\/v2\/media?parent=14"}],"curies":[{"name":"wp","href":"https:\/\/api.w.org\/{rel}","templated":true}]}}