{"id":122,"date":"2021-06-29T11:37:38","date_gmt":"2021-06-29T09:37:38","guid":{"rendered":"https:\/\/math-diism.univpm.it\/nepde\/?page_id=122"},"modified":"2021-07-28T13:06:08","modified_gmt":"2021-07-28T11:06:08","slug":"invited-speakers","status":"publish","type":"page","link":"https:\/\/math-diism.univpm.it\/nepde\/","title":{"rendered":""},"content":{"rendered":"\n<div class=\"wp-block-image\"><figure class=\"alignright size-large\"><img loading=\"lazy\" decoding=\"async\" width=\"390\" height=\"154\" src=\"https:\/\/math-diism.univpm.it\/nepde\/wp-content\/uploads\/sites\/30\/2021\/06\/LOGO_UNIVPM_390x154px-1.gif\" alt=\"\" class=\"wp-image-220\" \/><figcaption><img loading=\"lazy\" decoding=\"async\" width=\"300\" height=\"138\" class=\"wp-image-400\" style=\"width: 190px\" src=\"https:\/\/math-diism.univpm.it\/nepde\/wp-content\/uploads\/sites\/30\/2021\/07\/Indam-Gnampa.jpg\" alt=\"\" srcset=\"https:\/\/math-diism.univpm.it\/nepde\/wp-content\/uploads\/sites\/30\/2021\/07\/Indam-Gnampa.jpg 300w, https:\/\/math-diism.univpm.it\/nepde\/wp-content\/uploads\/sites\/30\/2021\/07\/Indam-Gnampa-230x106.jpg 230w, https:\/\/math-diism.univpm.it\/nepde\/wp-content\/uploads\/sites\/30\/2021\/07\/Indam-Gnampa-150x69.jpg 150w\" sizes=\"auto, (max-width: 300px) 100vw, 300px\" \/><\/figcaption><\/figure><\/div>\n\n\n\n<h2 class=\"wp-block-heading\">Invited Speakers:<\/h2>\n\n\n\n<p>Claudianor O. Alves (Universidade Federal de Campina Grande, Brazil)<br>Pietro d&#8217;Avenia (Politecnico di Bari, Italy)<br>Manuel del Pino (University of Bath, United Kingdom)<br>Serena Dipierro (The University of Western Australia, Australia) <br>Rupert L. Frank (California Institute of Technology, USA)<br>Louis Jeanjean (Universit\u00e9 de Franche-Comt\u00e9, France)<br>Giovanni Molica Bisci (Universit\u00e0 degli Studi di Urbino &#8216;Carlo Bo&#8217;, Italy)<br>Monica Musso (University of Bath, United Kingdom)<br>Maria del Mar Gonzalez Nogueras (Universidad Autonoma de Madrid, Spain)<br>Vicentiu Radulescu (University of Craiova and Institute of Mathematics of the Romanian Academy)<br>Raffaella Servadei (Universit\u00e0 degli Studi di Urbino &#8216;Carlo Bo&#8217;, Italy)<br>Enrico Valdinoci (The University of Western Australia, Australia)<\/p>\n\n\n\n\n\n<h2 class=\"wp-block-heading\">Organizers: <\/h2>\n\n\n\n<p>Vincenzo Ambrosio (Universit\u00e0 Politecnica delle Marche, Italy)<br>Teresa Isernia (Universit\u00e0 Politecnica delle Marche, Italy)<\/p>\n\n\n\n<h2 class=\"wp-block-heading\">Supported by: <\/h2>\n\n\n\n<p><a href=\"https:\/\/www.diism.univpm.it\/\" target=\"_blank\" rel=\"noreferrer noopener\"><span style=\"color:#1e73be\" class=\"has-inline-color\">Dipartimento di Ingegneria Industriale e Scienze Matematiche<\/span><\/a>, <a href=\"https:\/\/www.univpm.it\/Entra\/\" target=\"_blank\" rel=\"noreferrer noopener\"><span style=\"color:#1e73be\" class=\"has-inline-color\">Universit\u00e0 Politecnica delle Marche<\/span><\/a><br><a href=\"https:\/\/www.altamatematica.it\/gnampa\/\" target=\"_blank\" rel=\"noreferrer noopener\"><span style=\"color:#1e73be\" class=\"has-inline-color\">INdAM &#8211; GNAMPA<\/span><\/a> Project 2020 &#8216;Studio di problemi frazionari nonlocali tramite tecniche variazionali&#8217;<\/p>\n\n\n\n<h2 class=\"has-text-align-center wp-block-heading\"><a href=\"https:\/\/math-diism.univpm.it\/nepde\/wp-content\/uploads\/sites\/30\/2021\/07\/locandina.pdf\" target=\"_blank\" rel=\"noreferrer noopener\"><span class=\"has-inline-color has-vivid-cyan-blue-color\">Poster<\/span><\/a><\/h2>\n","protected":false},"excerpt":{"rendered":"<p>Invited Speakers: Claudianor O. Alves (Universidade Federal de Campina Grande, Brazil)Pietro d&#8217;Avenia (Politecnico di Bari, Italy)Manuel del Pino (University of Bath, United [&hellip;]<\/p>\n","protected":false},"author":22,"featured_media":0,"parent":0,"menu_order":0,"comment_status":"closed","ping_status":"closed","template":"page-templates\/page_fullwidth.php","meta":{"_acf_changed":false,"footnotes":""},"class_list":["post-122","page","type-page","status-publish","hentry"],"acf":[],"yoast_head":"<!-- This site is optimized with the Yoast SEO plugin v27.3 - https:\/\/yoast.com\/product\/yoast-seo-wordpress\/ -->\n<title>- NEPDEs<\/title>\n<meta name=\"robots\" content=\"index, follow, max-snippet:-1, max-image-preview:large, max-video-preview:-1\" \/>\n<link rel=\"canonical\" href=\"https:\/\/math-diism.univpm.it\/nepde\/\" \/>\n<meta property=\"og:locale\" content=\"it_IT\" \/>\n<meta property=\"og:type\" content=\"article\" \/>\n<meta property=\"og:title\" content=\"- NEPDEs\" \/>\n<meta property=\"og:description\" content=\"Invited Speakers: Claudianor O. Alves (Universidade Federal de Campina Grande, Brazil)Pietro d&#8217;Avenia (Politecnico di Bari, Italy)Manuel del Pino (University of Bath, United [&hellip;]\" \/>\n<meta property=\"og:url\" content=\"https:\/\/math-diism.univpm.it\/nepde\/\" \/>\n<meta property=\"og:site_name\" content=\"NEPDEs\" \/>\n<meta property=\"article:modified_time\" content=\"2021-07-28T11:06:08+00:00\" \/>\n<meta property=\"og:image\" content=\"https:\/\/math-diism.univpm.it\/nepde\/wp-content\/uploads\/sites\/30\/2021\/06\/LOGO_UNIVPM_390x154px-1.gif\" \/>\n<meta name=\"twitter:card\" content=\"summary_large_image\" \/>\n<meta name=\"twitter:label1\" content=\"Tempo di lettura stimato\" \/>\n\t<meta name=\"twitter:data1\" content=\"2 minuti\" \/>\n<script type=\"application\/ld+json\" class=\"yoast-schema-graph\">{\"@context\":\"https:\\\/\\\/schema.org\",\"@graph\":[{\"@type\":\"WebPage\",\"@id\":\"https:\\\/\\\/math-diism.univpm.it\\\/nepde\\\/\",\"url\":\"https:\\\/\\\/math-diism.univpm.it\\\/nepde\\\/\",\"name\":\"- NEPDEs\",\"isPartOf\":{\"@id\":\"https:\\\/\\\/math-diism.univpm.it\\\/nepde\\\/#website\"},\"primaryImageOfPage\":{\"@id\":\"https:\\\/\\\/math-diism.univpm.it\\\/nepde\\\/#primaryimage\"},\"image\":{\"@id\":\"https:\\\/\\\/math-diism.univpm.it\\\/nepde\\\/#primaryimage\"},\"thumbnailUrl\":\"https:\\\/\\\/math-diism.univpm.it\\\/nepde\\\/wp-content\\\/uploads\\\/sites\\\/30\\\/2021\\\/06\\\/LOGO_UNIVPM_390x154px-1.gif\",\"datePublished\":\"2021-06-29T09:37:38+00:00\",\"dateModified\":\"2021-07-28T11:06:08+00:00\",\"inLanguage\":\"it-IT\",\"potentialAction\":[{\"@type\":\"ReadAction\",\"target\":[\"https:\\\/\\\/math-diism.univpm.it\\\/nepde\\\/\"]}]},{\"@type\":\"ImageObject\",\"inLanguage\":\"it-IT\",\"@id\":\"https:\\\/\\\/math-diism.univpm.it\\\/nepde\\\/#primaryimage\",\"url\":\"https:\\\/\\\/math-diism.univpm.it\\\/nepde\\\/wp-content\\\/uploads\\\/sites\\\/30\\\/2021\\\/06\\\/LOGO_UNIVPM_390x154px-1.gif\",\"contentUrl\":\"https:\\\/\\\/math-diism.univpm.it\\\/nepde\\\/wp-content\\\/uploads\\\/sites\\\/30\\\/2021\\\/06\\\/LOGO_UNIVPM_390x154px-1.gif\",\"width\":390,\"height\":154},{\"@type\":\"WebSite\",\"@id\":\"https:\\\/\\\/math-diism.univpm.it\\\/nepde\\\/#website\",\"url\":\"https:\\\/\\\/math-diism.univpm.it\\\/nepde\\\/\",\"name\":\"NEPDEs\",\"description\":\"\",\"potentialAction\":[{\"@type\":\"SearchAction\",\"target\":{\"@type\":\"EntryPoint\",\"urlTemplate\":\"https:\\\/\\\/math-diism.univpm.it\\\/nepde\\\/?s={search_term_string}\"},\"query-input\":{\"@type\":\"PropertyValueSpecification\",\"valueRequired\":true,\"valueName\":\"search_term_string\"}}],\"inLanguage\":\"it-IT\"}]}<\/script>\n<!-- \/ Yoast SEO plugin. -->","yoast_head_json":{"title":"- NEPDEs","robots":{"index":"index","follow":"follow","max-snippet":"max-snippet:-1","max-image-preview":"max-image-preview:large","max-video-preview":"max-video-preview:-1"},"canonical":"https:\/\/math-diism.univpm.it\/nepde\/","og_locale":"it_IT","og_type":"article","og_title":"- NEPDEs","og_description":"Invited Speakers: Claudianor O. Alves (Universidade Federal de Campina Grande, Brazil)Pietro d&#8217;Avenia (Politecnico di Bari, Italy)Manuel del Pino (University of Bath, United [&hellip;]","og_url":"https:\/\/math-diism.univpm.it\/nepde\/","og_site_name":"NEPDEs","article_modified_time":"2021-07-28T11:06:08+00:00","og_image":[{"url":"https:\/\/math-diism.univpm.it\/nepde\/wp-content\/uploads\/sites\/30\/2021\/06\/LOGO_UNIVPM_390x154px-1.gif","type":"","width":"","height":""}],"twitter_card":"summary_large_image","twitter_misc":{"Tempo di lettura stimato":"2 minuti"},"schema":{"@context":"https:\/\/schema.org","@graph":[{"@type":"WebPage","@id":"https:\/\/math-diism.univpm.it\/nepde\/","url":"https:\/\/math-diism.univpm.it\/nepde\/","name":"- NEPDEs","isPartOf":{"@id":"https:\/\/math-diism.univpm.it\/nepde\/#website"},"primaryImageOfPage":{"@id":"https:\/\/math-diism.univpm.it\/nepde\/#primaryimage"},"image":{"@id":"https:\/\/math-diism.univpm.it\/nepde\/#primaryimage"},"thumbnailUrl":"https:\/\/math-diism.univpm.it\/nepde\/wp-content\/uploads\/sites\/30\/2021\/06\/LOGO_UNIVPM_390x154px-1.gif","datePublished":"2021-06-29T09:37:38+00:00","dateModified":"2021-07-28T11:06:08+00:00","inLanguage":"it-IT","potentialAction":[{"@type":"ReadAction","target":["https:\/\/math-diism.univpm.it\/nepde\/"]}]},{"@type":"ImageObject","inLanguage":"it-IT","@id":"https:\/\/math-diism.univpm.it\/nepde\/#primaryimage","url":"https:\/\/math-diism.univpm.it\/nepde\/wp-content\/uploads\/sites\/30\/2021\/06\/LOGO_UNIVPM_390x154px-1.gif","contentUrl":"https:\/\/math-diism.univpm.it\/nepde\/wp-content\/uploads\/sites\/30\/2021\/06\/LOGO_UNIVPM_390x154px-1.gif","width":390,"height":154},{"@type":"WebSite","@id":"https:\/\/math-diism.univpm.it\/nepde\/#website","url":"https:\/\/math-diism.univpm.it\/nepde\/","name":"NEPDEs","description":"","potentialAction":[{"@type":"SearchAction","target":{"@type":"EntryPoint","urlTemplate":"https:\/\/math-diism.univpm.it\/nepde\/?s={search_term_string}"},"query-input":{"@type":"PropertyValueSpecification","valueRequired":true,"valueName":"search_term_string"}}],"inLanguage":"it-IT"}]}},"_links":{"self":[{"href":"https:\/\/math-diism.univpm.it\/nepde\/wp-json\/wp\/v2\/pages\/122","targetHints":{"allow":["GET"]}}],"collection":[{"href":"https:\/\/math-diism.univpm.it\/nepde\/wp-json\/wp\/v2\/pages"}],"about":[{"href":"https:\/\/math-diism.univpm.it\/nepde\/wp-json\/wp\/v2\/types\/page"}],"author":[{"embeddable":true,"href":"https:\/\/math-diism.univpm.it\/nepde\/wp-json\/wp\/v2\/users\/22"}],"replies":[{"embeddable":true,"href":"https:\/\/math-diism.univpm.it\/nepde\/wp-json\/wp\/v2\/comments?post=122"}],"version-history":[{"count":34,"href":"https:\/\/math-diism.univpm.it\/nepde\/wp-json\/wp\/v2\/pages\/122\/revisions"}],"predecessor-version":[{"id":404,"href":"https:\/\/math-diism.univpm.it\/nepde\/wp-json\/wp\/v2\/pages\/122\/revisions\/404"}],"wp:attachment":[{"href":"https:\/\/math-diism.univpm.it\/nepde\/wp-json\/wp\/v2\/media?parent=122"}],"curies":[{"name":"wp","href":"https:\/\/api.w.org\/{rel}","templated":true}]}}