{"id":199,"date":"2013-09-25T23:02:24","date_gmt":"2013-09-25T21:02:24","guid":{"rendered":"http:\/\/math-diism.univpm.it\/marietti\/?page_id=199"},"modified":"2026-03-10T10:22:57","modified_gmt":"2026-03-10T09:22:57","slug":"teachings","status":"publish","type":"page","link":"https:\/\/math-diism.univpm.it\/marietti\/teachings\/","title":{"rendered":"Teaching"},"content":{"rendered":"<p><strong><span style=\"color: #ff0000\">ANNO ACCADEMICO 2025\/2026<\/span><\/strong><\/p>\n<p>Vi prego di controllare periodicamente questa pagina: scriver\u00f2 qui le eventuali comunicazioni.<\/p>\n<p><strong>COMUNICAZIONI<\/strong>: <br \/>Le lezioni e le esercitazioni sono finite.<\/p>\n<p>Nell&#8217;A.A. 2025\/2026 insegno due corsi:<\/p>\n<p><strong>GEOMETRIA (6 CFU) &#8211; Ingegneria Edile &#8211;<\/strong>\u00a0<a href=\"http:\/\/math-diism.univpm.it\/marietti\/wp-content\/uploads\/sites\/9\/2019\/09\/programma-GEO-6CFU.rtf\">Programma del corso<\/a><br \/>marted\u00ec 11:30-13:30 in aula 160\/1 (temporaneamente in aula 155\/d4)<br \/>mercoled\u00ec 9:30-11:30 in aula 160\/1 (temporaneamente in aula 155\/d3). Ora recupero: 8:30-9:30 in aula 160\/1 (temporaneamente in aula 155\/d3)<br \/>Esercitazioni della dottoressa Rinaldi: marted\u00ec, 14:30-16:30 in aula G2.<\/p>\n<p><strong>GEOMETRIA (9 CFU) &#8211; Ingegneria Meccanica M\/Z &#8211; <\/strong><a href=\"http:\/\/math-diism.univpm.it\/marietti\/wp-content\/uploads\/sites\/9\/2019\/09\/programma-GEOM-MECC-M-Z.rtf\">Programma del corso<\/a><a title=\"Programma corso 9 crediti\" href=\"http:\/\/math-diism.univpm.it\/marietti\/wp-content\/uploads\/sites\/9\/2014\/01\/programma-GEOM-MECC.doc\" target=\"_blank\" rel=\"noopener noreferrer\"><br \/><\/a>marted\u00ec 14:30-16:30 in aula 145\/3<br \/>mercoled\u00ec 11:30-13:30 in aula 145\/3<br \/>gioved\u00ec 9:30-11:30 in aula 145\/3 (ora recupero: 8:30-9:30 in aula 145\/3)<br \/>Esercitazioni della Prof. Rinaldi: gioved\u00ec, 14:30-16:30 in aula G2.<\/p>\n<p>Attenzione: nelle ore di recupero non c&#8217;\u00e8 lezione a meno che non sia io ad avvisarvi (nel caso che ci siano ore che abbiamo perso e che quindi dobbiamo recuperare).<\/p>\n<p>____________________<\/p>\n<p>orario di ricevimento: marted\u00ec ore 16:30-18:30 tramite Teams (si prega di avvisarmi prima via posta elettronica)<\/p>\n<p>Testo:<br \/>Abate &#8211; de Fabritiis: Geometria analitica con elementi di algebra lineare, II ed., McGraw-Hill<br \/>Abate &#8211; de Fabritiis: Esercizi di Geometria analitica, McGraw-Hill<\/p>\n<p>Esercizi e altro materiale di utile consultazione:<\/p>\n<ul>\n<li><a href=\"http:\/\/math-diism.univpm.it\/marietti\/wp-content\/uploads\/sites\/9\/2021\/11\/Esercizi-Geometria.pdf\">Esercizi<\/a>\u00a0(che vengono da me assegnati durante le lezioni e poi spiegati durante le esercitazioni)<\/li>\n<li><a href=\"https:\/\/www.hoeplieditore.it\/hoepli-editore\/articolo\/geometria-alessandro-savo\/9788820399092\/2415\">A. Savo: Geometria, Hoepli<\/a><\/li>\n<li><a href=\"http:\/\/math-diism.univpm.it\/marietti\/wp-content\/uploads\/sites\/9\/2018\/12\/pprova.pdf\">Simulazione d&#8217;esame<\/a><\/li>\n<li>Brevissima <a href=\"http:\/\/math-diism.univpm.it\/marietti\/wp-content\/uploads\/sites\/9\/2014\/12\/classificazione-euclidea-coniche.pdf\" target=\"_blank\" rel=\"noopener noreferrer\">dispensa<\/a> sulla classificazione euclidea delle coniche (solo corsi 9 CFU)<\/li>\n<li><a href=\"http:\/\/math-diism.univpm.it\/marietti\/wp-content\/uploads\/sites\/9\/2019\/12\/Norme-Esame-nuovo.docx\">Norme d&#8217;esame<\/a><\/li>\n<\/ul>\n<p><strong>DATE APPELLI ESAMI DI PROFITTO<br \/>GEOMETRIA (6 CFU) &#8211; Ingegneria Edile<br \/><\/strong><strong>GEOMETRIA (9 CFU) &#8211; Ingegneria Meccanica M-Z<\/strong><br \/>Iscrizione agli appelli tramite\u00a0<a href=\"http:\/\/esse3web.univpm.it\" target=\"_blank\" rel=\"noopener noreferrer\">Esse3<\/a>. Iscrivetevi il prima possibile.<br \/>La certezza di orari e aule si ha solo dopo la conferma da parte della Presidenza, il che accade di solito a ridosso dell&#8217;appello: scriver\u00f2 tali informazioni qui solo dopo aver avuto la conferma.<\/p>\n<div dir=\"ltr\">\u00a0<\/div>\n<div dir=\"ltr\">\n<div dir=\"ltr\">\n<div dir=\"ltr\">13\/01\/2026 Ing. Mecc e Ing. Edi ore 11:30, aula 155 5-6. <a href=\"http:\/\/math-diism.univpm.it\/marietti\/wp-content\/uploads\/sites\/9\/2026\/01\/Risultati-esame-2026-01-13-M-E.docx\">Risultati<\/a><\/div>\n<div dir=\"ltr\">\u00a0<\/div>\n<div dir=\"ltr\">03\/02\/2026 Ing. Mecc e Ing. Edi ore 14:30, aula 145\/2. <a href=\"http:\/\/math-diism.univpm.it\/marietti\/wp-content\/uploads\/sites\/9\/2026\/02\/Risultati-esame-2026-02-03-M-E-1.docx\">Risultati<\/a><\/div>\n<div dir=\"ltr\">\u00a0<\/div>\n<div dir=\"ltr\">03\/03\/2026 Ing. Mecc e Ing. Edi ore 16:15, aula 145\/1. <a href=\"http:\/\/math-diism.univpm.it\/marietti\/wp-content\/uploads\/sites\/9\/2026\/03\/Risultati-esame-2026-03-03-M-E-1.docx\">Risultati<\/a><\/div>\n<div dir=\"ltr\">09\/06\/2026<\/div>\n<div dir=\"ltr\">30\/06\/2026<\/div>\n<div dir=\"ltr\">15\/09\/2026<\/div>\n<div dir=\"ltr\">03\/11\/2026<\/div>\n<div dir=\"ltr\">\u00a0<\/div>\n<div dir=\"ltr\">\u00a0<\/div>\n<\/div>\n<\/div>\n<div dir=\"ltr\">\u00a0<\/div>\n<div dir=\"ltr\">Pu\u00f2 succedere che alcuni studenti (ad esempio, gli studenti del vecchio corso disattivato Ingegneria Meccanica-indirizzo formativo progettuale e alcuni tra gli studenti che hanno effettuato passaggi di corso, trasferimenti da altra sede, abbreviazioni di carriera o passaggi di curriculum all\u2019interno dello stesso corso di laurea o che comunque non abbiano potuto confermare il piano studi on-line) non possano effettuare la prenotazione on-line degli esami tramite esse3. In tal caso, l&#8217;iscrizione \u00e8 tramite email, inviata almeno due giorni prima della data dello scritto.<\/div>\n<div dir=\"ltr\">\u00a0<\/div>\n<p><strong>__________________________________________________________<\/strong><\/p>\n<p><del><strong><span style=\"color: #ff0000\">ANNO ACCADEMICO 2024\/2025<\/span><br \/><\/strong><\/del><\/p>\n<p><del>Vi prego di controllare periodicamente questa pagina: scriver\u00f2 qui le eventuali comunicazioni.<\/del><\/p>\n<p><del><span style=\"color: #ff9900\"><strong>COMUNICAZIONI<\/strong><\/span>: le lezioni e le esercitazioni sono finite.<\/del><\/p>\n<p><del>Nell&#8217;A.A. 2024\/2025 insegno tre corsi:<\/del><\/p>\n<p><del><strong>GEOMETRIA (6 CFU) &#8211; Ingegneria Edile &#8211;<\/strong>\u00a0<a href=\"http:\/\/math-diism.univpm.it\/marietti\/wp-content\/uploads\/sites\/9\/2019\/09\/programma-GEO-6CFU.rtf\">Programma del corso<\/a><\/del><br \/><del>marted\u00ec 11:30-13:30 in aula 160\/1<\/del><br \/><del>mercoled\u00ec 9:30-11:30 in aula 140\/D3 (ora recupero: 8:30-9:30 in aula 140\/D3)<\/del><br \/><del>Esercitazioni della dottoressa Rinaldi: mercoled\u00ec 14:30-16:30 in aula 140\/D3<\/del><\/p>\n<p><del><strong>GEOMETRIA (9 CFU) &#8211; Ingegneria Meccanica M\/Z &#8211; <\/strong><a href=\"http:\/\/math-diism.univpm.it\/marietti\/wp-content\/uploads\/sites\/9\/2019\/09\/programma-GEOM-MECC-M-Z.rtf\">Programma del corso<\/a><a title=\"Programma corso 9 crediti\" href=\"http:\/\/math-diism.univpm.it\/marietti\/wp-content\/uploads\/sites\/9\/2014\/01\/programma-GEOM-MECC.doc\" target=\"_blank\" rel=\"noopener noreferrer\"><br \/><\/a>marted\u00ec 14:30-16:30 in aula 145\/3<\/del><br \/><del>mercoled\u00ec 11:30-13:30 in aula 145\/3<\/del><br \/><del>gioved\u00ec 9:30-11:30 in aula 145\/3 (ora recupero: 8:30-9:30 in aula 145\/3)<\/del><br \/><del>Esercitazioni della Prof. Rinaldi: mercoled\u00ec 16:30-18:30 in aula 145\/G1<\/del><\/p>\n<p><del><strong>GEOMETRIA (6 CFU) &#8211; Ingegneria Biomedica &#8211;<\/strong>\u00a0<a href=\"http:\/\/math-diism.univpm.it\/marietti\/wp-content\/uploads\/sites\/9\/2019\/09\/programma-GEO-6CFU.rtf\">Programma del corso<\/a><\/del><br \/><del>mercoled\u00ec 14:30-16:30 in aula 140\/1 (ora recupero: 16:30-17:30 in aula 140\/1)<\/del><br \/><del>gioved\u00ec 11:30-13:30 in aula 140\/3 <\/del><br \/><del>Esercitazioni della Prof. Rinaldi: marted\u00ec 16:30-18:30 in aula 145\/G1<\/del><\/p>\n<p><del>Attenzione: nelle ore di recupero non c&#8217;\u00e8 lezione a meno che non sia io ad avvisarvi (nel caso che ci siano ore che abbiamo perso e che quindi dobbiamo recuperare).<\/del><\/p>\n<p><del>____________________<\/del><\/p>\n<p><del>orario di ricevimento: marted\u00ec ore 16:30-18:30 tramite Teams (si prega di avvisarmi prima via posta elettronica)<\/del><\/p>\n<p><del>Testo:<\/del><br \/><del>Abate &#8211; de Fabritiis: Geometria analitica con elementi di algebra lineare, II ed., McGraw-Hill<\/del><br \/><del>Abate &#8211; de Fabritiis: Esercizi di Geometria analitica, McGraw-Hill<\/del><\/p>\n<p><del>Esercizi e altro materiale di utile consultazione:<\/del><\/p>\n<ul>\n<li><del><a href=\"http:\/\/math-diism.univpm.it\/marietti\/wp-content\/uploads\/sites\/9\/2021\/11\/Esercizi-Geometria.pdf\">Esercizi<\/a>\u00a0(che vengono da me assegnati durante le lezioni e poi spiegati durante le esercitazioni)<\/del><\/li>\n<li><del><a href=\"https:\/\/www.hoeplieditore.it\/hoepli-editore\/articolo\/geometria-alessandro-savo\/9788820399092\/2415\">A. Savo: Geometria, Hoepli<\/a><\/del><\/li>\n<li><del><a href=\"http:\/\/math-diism.univpm.it\/marietti\/wp-content\/uploads\/sites\/9\/2018\/12\/pprova.pdf\">Simulazione d&#8217;esame<\/a><\/del><\/li>\n<li><del>Brevissima <a href=\"http:\/\/math-diism.univpm.it\/marietti\/wp-content\/uploads\/sites\/9\/2014\/12\/classificazione-euclidea-coniche.pdf\" target=\"_blank\" rel=\"noopener noreferrer\">dispensa<\/a> sulla classificazione euclidea delle coniche (solo corsi 9 CFU)<\/del><\/li>\n<li><del><a href=\"http:\/\/math-diism.univpm.it\/marietti\/wp-content\/uploads\/sites\/9\/2019\/12\/Norme-Esame-nuovo.docx\">Norme d&#8217;esame<\/a><\/del><\/li>\n<\/ul>\n<p><del><strong>DATE APPELLI ESAMI DI PROFITTO<br \/>GEOMETRIA (6 CFU) &#8211; Ingegneria Edile<br \/><\/strong><strong>GEOMETRIA (9 CFU) &#8211; Ingegneria Meccanica M-Z<br \/>GEOMETRIA (6 CFU) &#8211; Ingegneria Biomedica<\/strong><\/del><br \/><del>Iscrizione agli appelli tramite\u00a0<a href=\"http:\/\/esse3web.univpm.it\" target=\"_blank\" rel=\"noopener noreferrer\">Esse3<\/a>. Iscrivetevi il prima possibile.<\/del><br \/><del>La certezza di orari e aule si ha solo dopo la conferma da parte della Presidenza, il che accade di solito a ridosso dell&#8217;appello: scriver\u00f2 tali informazioni qui solo dopo aver avuto la conferma.<\/del><\/p>\n<div dir=\"ltr\">\n<div dir=\"ltr\"><del>14\/01\/2025 Ing. MECC M-Z ore 11:30, aula 145\/3<\/del><\/div>\n<div dir=\"ltr\"><del>\u00a0 \u00a0 \u00a0 \u00a0 \u00a0 \u00a0 \u00a0 \u00a0 \u00a0 \u00a0Ing. BIO A-L e Ing. EDI ore 15:15, aula G1<\/del><\/div>\n<div dir=\"ltr\"><del>\u00a0 \u00a0 \u00a0 \u00a0 \u00a0 \u00a0 \u00a0 \u00a0 \u00a0 \u00a0<a href=\"http:\/\/math-diism.univpm.it\/marietti\/wp-content\/uploads\/sites\/9\/2025\/01\/Risultati-esame-2025-10-14-M-E-B-1.docx\">Risultati<\/a><\/del><\/div>\n<div dir=\"ltr\">\u00a0<\/div>\n<div dir=\"ltr\"><del>11\/02\/2025 Ing. MECC M-Z ore 11:30, aula G2<\/del><br \/><del>\u00a0 \u00a0 \u00a0 \u00a0 \u00a0 \u00a0 \u00a0 \u00a0 \u00a0 \u00a0Ing. BIO A-L e Ing. EDI ore 15:30, aula G2<\/del><\/div>\n<div dir=\"ltr\"><del>\u00a0 \u00a0 \u00a0 \u00a0 \u00a0 \u00a0 \u00a0 \u00a0 \u00a0 \u00a0<a href=\"http:\/\/math-diism.univpm.it\/marietti\/wp-content\/uploads\/sites\/9\/2025\/02\/Risultati-esame-2025-02-11-M-E-B.docx\">Risultati<\/a><\/del><\/div>\n<div dir=\"ltr\">\u00a0<\/div>\n<\/div>\n<div dir=\"ltr\"><del>08\/04\/2025 Ing. MECC M-Z e Ing. EDI ore 16:15, aula 145\/2<\/del><\/div>\n<div dir=\"ltr\"><del>\u00a0 \u00a0 \u00a0 \u00a0 \u00a0 \u00a0 \u00a0 \u00a0 \u00a0 \u00a0Ing. BIO A-L ore 16:15, aula 145\/3<\/del><\/div>\n<div dir=\"ltr\"><del>\u00a0 \u00a0 \u00a0 \u00a0 \u00a0 \u00a0 \u00a0 \u00a0 \u00a0\u00a0 <a href=\"http:\/\/math-diism.univpm.it\/marietti\/wp-content\/uploads\/sites\/9\/2025\/04\/Risultati-esame-2025-04-08-M-E-BB.docx\">Risultati<\/a><\/del><\/div>\n<div dir=\"ltr\">\u00a0<\/div>\n<div dir=\"ltr\"><del>10\/06\/2025 Ing. BIO A-L, Ing. EDI e Ing. MECC M-Z ore 11:30, aula G1 <a href=\"http:\/\/math-diism.univpm.it\/marietti\/wp-content\/uploads\/sites\/9\/2025\/06\/Risultati-esame-2025-06-10-M-E-B.docx\">Risultati<\/a><\/del><\/div>\n<div dir=\"ltr\">\n<div dir=\"ltr\"><del>01\/07\/2025 ore 11:30, aula G1. <a href=\"http:\/\/math-diism.univpm.it\/marietti\/wp-content\/uploads\/sites\/9\/2025\/07\/Risultati-esame-2025-07-1-M-E-B.docx\">Risultati \u00a0<\/a>\u00a0 \u00a0<\/del><\/div>\n<\/div>\n<div dir=\"ltr\">\n<div dir=\"ltr\">\u00a0<\/div>\n<div dir=\"ltr\"><del>16\/09\/2025 ore 12:30, aula G1. <a href=\"http:\/\/math-diism.univpm.it\/marietti\/wp-content\/uploads\/sites\/9\/2025\/09\/Risultati-esame-2025-09-16-M-E-B.docx\">Risultati<\/a><\/del><\/div>\n<div dir=\"ltr\">\n<div dir=\"ltr\"><del>04\/11\/2025 ore 16:15, aula G2. Risultati<\/del><\/div>\n<div dir=\"ltr\">\u00a0<\/div>\n<div dir=\"ltr\">\u00a0<\/div>\n<\/div>\n<\/div>\n<div dir=\"ltr\">\u00a0<\/div>\n<div dir=\"ltr\"><del>Pu\u00f2 succedere che alcuni studenti (ad esempio, gli studenti del vecchio corso disattivato Ingegneria Meccanica-indirizzo formativo progettuale e alcuni tra gli studenti che hanno effettuato passaggi di corso, trasferimenti da altra sede, abbreviazioni di carriera o passaggi di curriculum all\u2019interno dello stesso corso di laurea o che comunque non abbiano potuto confermare il piano studi on-line) non possano effettuare la prenotazione on-line degli esami tramite esse3. In tal caso, l&#8217;iscrizione \u00e8 tramite email, inviata almeno due giorni prima della data dello scritto.<\/del><\/div>\n<div dir=\"ltr\">\u00a0<\/div>\n<p><del>____________________________________________________________________<\/del><\/p>\n<p>Altre informazioni alla mia <a title=\"MARIO MARIETTI\" href=\"http:\/\/www.univpm.it\/Entra\/Engine\/RAServePG.php\/P\/320710013994\/idsel\/687\/docname\/MARIO%20MARIETTI\">scheda docenti<\/a>.<\/p>\n<p><em>\u201cSe un giovane ha allenato i propri muscoli e la propria resistenza fisica con la ginnastica e con le passeggiate, egli sar\u00e0 adatto poi a ogni lavoro fisico. Ci\u00f2 \u00e8 anche vero per l\u2019allenamento della mente e per l\u2019esercizio dell\u2019abilit\u00e0 mentale [&#8230;] La cultura \u00e8 ci\u00f2 che rimane dopo che si \u00e8 dimenticato quanto si \u00e8 imparato\u201d.\u00a0\u00a0\u00a0\u00a0 <\/em>Albert Einstein<\/p>\n\n\n<p><\/p>\n","protected":false},"excerpt":{"rendered":"<p>ANNO ACCADEMICO 2025\/2026 Vi prego di controllare periodicamente questa pagina: scriver\u00f2 qui le eventuali comunicazioni. COMUNICAZIONI: Le lezioni e le esercitazioni sono finite. Nell&#8217;A.A. 2025\/2026 insegno due corsi: GEOMETRIA (6 CFU) &#8211; Ingegneria Edile &#8211;\u00a0Programma del corsomarted\u00ec 11:30-13:30 in aula &hellip; <a href=\"https:\/\/math-diism.univpm.it\/marietti\/teachings\/\">Continua a leggere<span class=\"meta-nav\">&rarr;<\/span><\/a><\/p>\n","protected":false},"author":8,"featured_media":0,"parent":0,"menu_order":0,"comment_status":"closed","ping_status":"closed","template":"showcase.php","meta":{"footnotes":""},"class_list":["post-199","page","type-page","status-publish","hentry"],"_links":{"self":[{"href":"https:\/\/math-diism.univpm.it\/marietti\/wp-json\/wp\/v2\/pages\/199","targetHints":{"allow":["GET"]}}],"collection":[{"href":"https:\/\/math-diism.univpm.it\/marietti\/wp-json\/wp\/v2\/pages"}],"about":[{"href":"https:\/\/math-diism.univpm.it\/marietti\/wp-json\/wp\/v2\/types\/page"}],"author":[{"embeddable":true,"href":"https:\/\/math-diism.univpm.it\/marietti\/wp-json\/wp\/v2\/users\/8"}],"replies":[{"embeddable":true,"href":"https:\/\/math-diism.univpm.it\/marietti\/wp-json\/wp\/v2\/comments?post=199"}],"version-history":[{"count":741,"href":"https:\/\/math-diism.univpm.it\/marietti\/wp-json\/wp\/v2\/pages\/199\/revisions"}],"predecessor-version":[{"id":1674,"href":"https:\/\/math-diism.univpm.it\/marietti\/wp-json\/wp\/v2\/pages\/199\/revisions\/1674"}],"wp:attachment":[{"href":"https:\/\/math-diism.univpm.it\/marietti\/wp-json\/wp\/v2\/media?parent=199"}],"curies":[{"name":"wp","href":"https:\/\/api.w.org\/{rel}","templated":true}]}}