{"id":33,"date":"2018-03-16T10:19:28","date_gmt":"2018-03-16T09:19:28","guid":{"rendered":"http:\/\/math-diism.univpm.it\/gedo2018\/?page_id=33"},"modified":"2018-06-04T11:28:11","modified_gmt":"2018-06-04T09:28:11","slug":"come-arrivare","status":"publish","type":"page","link":"https:\/\/math-diism.univpm.it\/gedo2018\/come-arrivare\/","title":{"rendered":"Come arrivare"},"content":{"rendered":"<p>Il convegno si svolger\u00e0 nell\u2019aula seminari dell&#8217;ex-Dipartimento di Scienze Matematiche (Area Matematica del DIISM a Quota 155) presso la Facolt\u00e0 di Ingegneria dell&#8217;Universit\u00e0 Politecnica delle Marche.<\/p>\n<p>La Facolt\u00e0 di Ingegneria si trova all&#8217;interno del Polo Monte Dago situato in zona Brecce Bianche.<\/p>\n<p>A questo link si possono trovare le informazioni pratiche per raggiungere la facolt\u00e0:<\/p>\n<p><a href=\"http:\/\/www.ingegneria.univpm.it\/content\/come-raggiungerci\">http:\/\/www.ingegneria.univpm.it\/content\/come-raggiungerci<\/a><\/p>\n","protected":false},"excerpt":{"rendered":"<p>Il convegno si svolger\u00e0 nell\u2019aula seminari dell&#8217;ex-Dipartimento di Scienze Matematiche (Area Matematica del DIISM a Quota 155) presso la Facolt\u00e0 di Ingegneria dell&#8217;Universit\u00e0 Politecnica delle Marche. La Facolt\u00e0 di Ingegneria si trova all&#8217;interno del Polo Monte Dago situato in zona &hellip; <a href=\"https:\/\/math-diism.univpm.it\/gedo2018\/come-arrivare\/\">Continue reading <span class=\"meta-nav\">&rarr;<\/span><\/a><\/p>\n","protected":false},"author":23,"featured_media":0,"parent":0,"menu_order":0,"comment_status":"closed","ping_status":"closed","template":"","meta":{"footnotes":""},"class_list":["post-33","page","type-page","status-publish","hentry"],"_links":{"self":[{"href":"https:\/\/math-diism.univpm.it\/gedo2018\/wp-json\/wp\/v2\/pages\/33","targetHints":{"allow":["GET"]}}],"collection":[{"href":"https:\/\/math-diism.univpm.it\/gedo2018\/wp-json\/wp\/v2\/pages"}],"about":[{"href":"https:\/\/math-diism.univpm.it\/gedo2018\/wp-json\/wp\/v2\/types\/page"}],"author":[{"embeddable":true,"href":"https:\/\/math-diism.univpm.it\/gedo2018\/wp-json\/wp\/v2\/users\/23"}],"replies":[{"embeddable":true,"href":"https:\/\/math-diism.univpm.it\/gedo2018\/wp-json\/wp\/v2\/comments?post=33"}],"version-history":[{"count":5,"href":"https:\/\/math-diism.univpm.it\/gedo2018\/wp-json\/wp\/v2\/pages\/33\/revisions"}],"predecessor-version":[{"id":111,"href":"https:\/\/math-diism.univpm.it\/gedo2018\/wp-json\/wp\/v2\/pages\/33\/revisions\/111"}],"wp:attachment":[{"href":"https:\/\/math-diism.univpm.it\/gedo2018\/wp-json\/wp\/v2\/media?parent=33"}],"curies":[{"name":"wp","href":"https:\/\/api.w.org\/{rel}","templated":true}]}}