{"id":30,"date":"2018-03-16T10:19:28","date_gmt":"2018-03-16T09:19:28","guid":{"rendered":"http:\/\/math-diism.univpm.it\/gedo2018\/?page_id=30"},"modified":"2018-09-20T13:03:34","modified_gmt":"2018-09-20T11:03:34","slug":"speakers","status":"publish","type":"page","link":"https:\/\/math-diism.univpm.it\/gedo2018\/speakers\/","title":{"rendered":"Main speakers"},"content":{"rendered":"<p>Flaviano Battelli (Universit\u00e0 Politecnica delle Marche)<\/p>\n<p>Irene Benedetti (Universit\u00e0 di Perugia)<\/p>\n<p>Gabriele Bonanno (Universit\u00e0 di Messina)<\/p>\n<p>Pasquale Candito (Universit\u00e0 Mediterranea Reggio Calabria)<\/p>\n<p>Chiara Corsato (Universit\u00e0 di Trieste)<\/p>\n<p>Giuseppina D\u2019Agu\u00ec (Universit\u00e0 di Messina)<\/p>\n<p>Roberto Livrea (Universit\u00e0 di Palermo)<\/p>\n<p>Luisa Malaguti (Universit\u00e0 di Modena-Reggio Emilia)<\/p>\n<p>Salvatore Marano (Universit\u00e0 di Catania)<\/p>\n<p>Sunra Mosconi (Universit\u00e0 di Catania)<\/p>\n<p>Luigi Muglia (Universit\u00e0 della Calabria)<\/p>\n<p>Pierpaolo Omari (Universit\u00e0 di Trieste)<\/p>\n<p>Maria Patrizia Pera (Universit\u00e0 di Firenze)<\/p>\n<p>Marco Sabatini (Universit\u00e0 degli Studi di Trento)<\/p>\n<p>Andrea Sfecci (Universit\u00e0 Politecnica delle Marche)<\/p>\n<p>Elisa Sovrano (Universit\u00e0 di Udine)<\/p>\n<p>Fabio Zanolin (Universit\u00e0 di Udine)<\/p>\n","protected":false},"excerpt":{"rendered":"<p>Flaviano Battelli (Universit\u00e0 Politecnica delle Marche) Irene Benedetti (Universit\u00e0 di Perugia) Gabriele Bonanno (Universit\u00e0 di Messina) Pasquale Candito (Universit\u00e0 Mediterranea Reggio Calabria) Chiara Corsato (Universit\u00e0 di Trieste) Giuseppina D\u2019Agu\u00ec (Universit\u00e0 di Messina) Roberto Livrea (Universit\u00e0 di Palermo) Luisa Malaguti (Universit\u00e0 &hellip; <a href=\"https:\/\/math-diism.univpm.it\/gedo2018\/speakers\/\">Continue reading <span class=\"meta-nav\">&rarr;<\/span><\/a><\/p>\n","protected":false},"author":23,"featured_media":0,"parent":0,"menu_order":0,"comment_status":"closed","ping_status":"closed","template":"","meta":{"footnotes":""},"class_list":["post-30","page","type-page","status-publish","hentry"],"_links":{"self":[{"href":"https:\/\/math-diism.univpm.it\/gedo2018\/wp-json\/wp\/v2\/pages\/30","targetHints":{"allow":["GET"]}}],"collection":[{"href":"https:\/\/math-diism.univpm.it\/gedo2018\/wp-json\/wp\/v2\/pages"}],"about":[{"href":"https:\/\/math-diism.univpm.it\/gedo2018\/wp-json\/wp\/v2\/types\/page"}],"author":[{"embeddable":true,"href":"https:\/\/math-diism.univpm.it\/gedo2018\/wp-json\/wp\/v2\/users\/23"}],"replies":[{"embeddable":true,"href":"https:\/\/math-diism.univpm.it\/gedo2018\/wp-json\/wp\/v2\/comments?post=30"}],"version-history":[{"count":5,"href":"https:\/\/math-diism.univpm.it\/gedo2018\/wp-json\/wp\/v2\/pages\/30\/revisions"}],"predecessor-version":[{"id":199,"href":"https:\/\/math-diism.univpm.it\/gedo2018\/wp-json\/wp\/v2\/pages\/30\/revisions\/199"}],"wp:attachment":[{"href":"https:\/\/math-diism.univpm.it\/gedo2018\/wp-json\/wp\/v2\/media?parent=30"}],"curies":[{"name":"wp","href":"https:\/\/api.w.org\/{rel}","templated":true}]}}