{"id":38,"date":"2013-04-04T16:45:42","date_gmt":"2013-04-04T14:45:42","guid":{"rendered":"http:\/\/193.205.128.45\/garrione\/?page_id=38"},"modified":"2013-05-29T15:11:37","modified_gmt":"2013-05-29T13:11:37","slug":"programma","status":"publish","type":"page","link":"https:\/\/math-diism.univpm.it\/garrione\/didattica\/analisi2bio20122013\/programma\/","title":{"rendered":"Programma"},"content":{"rendered":"<p>Il riferimento principale per il corso sono le <strong>lezioni svolte in aula; il programma d&#8217;esame verter\u00e0 su ci\u00f2 che \u00e8 stato svolto in aula.<\/strong><\/p>\n<p>Per una migliore comprensione, approfondimenti e studio individuale di ciascun argomento, vengono qui indicati i riferimenti bibliografici pi\u00f9 adatti.<\/p>\n<p><strong>Programma svolto (gli argomenti in grassetto sono stati svolti con dimostrazione; fare comunque riferimento alle lezioni svolte in aula per l&#8217;elenco esatto di tutte le dimostrazioni svolte, compresi lemmi, propriet\u00e0, ecc.) <\/strong><\/p>\n<p><em>Equazioni differenziali.<\/em><\/p>\n<p>Generalit\u00e0. Equazioni del I ordine a variabili separabili. Equazioni lineari di ordine n omogenee e non omogenee: teorema di Cauchy (esistenza e unicit\u00e0), <strong>struttura dell&#8217;insieme delle soluzioni<\/strong>. Equazioni lineari del I ordine:<strong> formula per l&#8217; integrale generale<\/strong>. Equazioni lineari del II ordine: indipendenza, wronskiano, <strong>criterio di indipendenza<\/strong>, <strong>struttura dell&#8217;insieme delle soluzioni dell&#8217;equazione omogenea<\/strong>. Equazione caratteristica, <strong>integrale generale esplicito nel caso di coefficienti costanti<\/strong>. Equazioni lineari del II ordine non omogenee: metodo della somiglianza, <strong>metodo di variazione delle costanti arbitrarie di Lagrange<\/strong>, metodo di sovrapposizione. Cenni alle equazioni lineari di ordine superiore: teorema del wronskiano e struttura dell&#8217;insieme delle soluzioni (solo enunciati).<\/p>\n<p>RIFERIMENTO: Libro di testo consigliato (Fusco-Marcellini-Sbordone 2001)<\/p>\n<p><em>Trasformata di Laplace nel campo reale. <\/em><\/p>\n<p>Funzioni generalmente continue e generalmente regolari:<strong> propriet\u00e0 e formula fondamentale del calcolo integrale<\/strong>. Funzioni di ordine esponenziale: propriet\u00e0 <strong>(alcune con dimostrazione)<\/strong>. Integrale di Laplace, <strong>ascissa di convergenza (convergenza dell&#8217;integrale di Laplace),\u00a0<\/strong>definizione di trasformata di Laplace. Propriet\u00e0 della trasformata di Laplace <strong>(alcune con dimostrazione, in particolare le propriet\u00e0 differenziali <\/strong><strong>ed integrali delle trasformate)<\/strong>.\u00a0 Funzioni equivalenti, teorema di unicit\u00e0 di Lerch, antitrasformata di Laplace e sue propriet\u00e0. Uso delle trasformate nella risoluzione di problemi di Cauchy per sistemi di equazioni differenziali lineari.<\/p>\n<p>RIFERIMENTO: <a title=\"Dispense Prof.ssa Marcelli\" href=\"http:\/\/193.205.128.45\/garrione\/wp-content\/uploads\/sites\/10\/2013\/04\/Trasformate_di_Laplace.pdf\" target=\"_blank\">Dispense della Prof.ssa Marcelli<\/a> + <a href=\"http:\/\/193.205.128.45\/garrione\/wp-content\/uploads\/sites\/10\/2013\/04\/Esercizi_sui_sistemi_differenziali_con_svolgimento.pdf\" target=\"_blank\">Esercizi della Prof.ssa Marcelli<\/a><\/p>\n<p><em>Curve e integrali curvilinei.<\/em><\/p>\n<p>Curve in R^n : equazioni parametriche, curve chiuse, semplici, regolari, vettore tangente. Curve cartesiane. Riparametrizzazioni, curve equivalenti, curve orientate. Lunghezza di una curva e sua<strong> indipendenza da riparametrizzazioni<\/strong>, curve rettificabili, teorema di rettificabilit\u00e0. Definizione di ascissa curvilinea. Curvatura e riferimento mobile di Frenet ({T, N}) nel piano. Integrale curvilineo di una funzione: motivazione e significato intuitivo, definizione, propriet\u00e0 elementari, <strong>invarianza per riparametrizzazioni<\/strong>.<\/p>\n<p>RIFERIMENTO: Libro di testo consigliato + M. Bramanti, C. Pagani e S. Salsa, <em>Analisi Matematica 2<\/em>, Zanichelli, 2009<\/p>\n<p><em>Topologia di R^n. <\/em><\/p>\n<p>Strutture di R^n: spazio vettoriale, spazio euclideo, spazio normato, spazio metrico. Definizione e propriet\u00e0 di prodotto scalare, norma, distanza. Definizione di punto interno, esterno, di frontiera, di accumulazione, isolato ed esempi. Interno, esterno, frontiera di un sottoinsieme di R^n; insiemi aperti, chiusi, limitati, connessi. Domini. Convergenza di successioni in R^n ed insiemi compatti. Esempi.<\/p>\n<p>RIFERIMENTO: <a href=\"http:\/\/193.205.128.45\/garrione\/wp-content\/uploads\/sites\/10\/2013\/04\/Topologia.pdf\" target=\"_blank\">Dispense della Prof.ssa Marcelli<\/a>+ Libro di testo consigliato<\/p>\n<p><em>Funzioni di pi\u00f9 variabili: calcolo differenziale.<br \/>\n<\/em><\/p>\n<p>Definizione. Dominio, grafico e superfici di livello. Definizione sequenziale e topologica di limite, propriet\u00e0 elementari (limite di somme, prodotti, &#8230;). Non esistenza di limiti mediante restrizione a rette\/curve <strong>(condizione necessaria di esistenza)<\/strong>. Calcolo di limiti tramite passaggio a coordinate polari: <strong>condizione necessaria e condizione sufficiente di esistenza del limite (uniformit\u00e0 nell&#8217;angolo theta)<\/strong>. Definizione di funzione continua, enunciati dei teoremi di: permanenza del segno, Weierstrass, dei valori intermedi, degli zeri. Estensione delle definizioni a funzioni a valori vettoriali.<\/p>\n<p>Derivate direzionali, derivate parziali e loro propriet\u00e0, definizione di derivabilit\u00e0 in un punto, definizione di gradiente. <strong>Relazioni tra derivabilit\u00e0 e continuit\u00e0.<\/strong> Derivate seconde, matrice Hessiana, teorema di Schwarz. Definizione di funzione differenziabile e di differenziale. <strong>Relazioni tra differenziabilit\u00e0, continuit\u00e0 e derivabilit\u00e0.<\/strong> <strong>Formula del gradiente e direzioni di massima pendenza.<\/strong> Piano tangente. <strong>Teorema del differenziale.<\/strong> Definizioni per funzioni a valori vettoriali, matrice Jacobiana. Differenziale di funzioni composte (in R^2, solo cenni per R^n). Funzioni con gradiente nullo in un connesso, formula di Taylor al II ordine (solo enunciati).\u00a0Esempi ed esercizi.<\/p>\n<p>Massimi, minimi e selle: definizioni,<strong> condizione necessaria del I ordine<\/strong>, condizione necessaria del II ordine, condizione sufficiente del II ordine in R^n (solo enunciati). Condizione necessaria in R^2 (determinante dell&#8217;Hessiana e segno delle derivate seconde), <strong>condizione sufficiente in R^2 (traccia\/determinante dell&#8217;Hessiana)<\/strong>. Esempi ed esercizi.<\/p>\n<p>RIFERIMENTO: Libro di testo consigliato + M. Bramanti, C. Pagani e S. Salsa, <em>Analisi Matematica 2<\/em>, Zanichelli, 2009 (in particolare <a href=\"http:\/\/193.205.128.45\/garrione\/wp-content\/uploads\/sites\/10\/2013\/04\/Piano-tangente.pdf\" target=\"_blank\">pag. 122-124<\/a>)<\/p>\n<p><em>Funzioni di pi\u00f9 variabili: calcolo integrale.<\/em><\/p>\n<p>Definizione di integrale doppio alla Riemann su rettangoli, formule di riduzione su rettangoli. Definizione di integrale su domini normali, formule di riduzione. Interpretazione dell&#8217;integrale doppio come volume sotteso da superfici cartesiane, area di domini normali nel piano. Cenni ad insiemi misurabili e di misura nulla. Propriet\u00e0 dell&#8217;integrale doppio: linearit\u00e0, monotonia nell&#8217;integranda e nel dominio, additivit\u00e0 sui domini e annullamento. Cambi di variabile. Enunciato del primo teorema di Guldino. Baricentro, massa e cenni al momento d&#8217;inerzia rispetto a un asse perpendicolare al piano (x, y). Integrali tripli: cenni alla costruzione astratta. Domini normali rispetto ad un piano, integrazione per fili e per strati: significato e formule di riduzione. Baricentro e massa di regioni nello spazio. Cambiamenti di variabile negli integrali tripli: coordinate polari sferiche e cilindriche. Esempi ed esercizi.<\/p>\n<p>RIFERIMENTO: Libro di testo consigliato + M. Bramanti, C. Pagani e S. Salsa, <em>Analisi Matematica 2<\/em>, Zanichelli, 2009.<\/p>\n<p><em>Campi vettoriali, lavoro e potenziali.<\/em><\/p>\n<p>Definizione di campo vettoriale. Linee di campo. Gradiente, rotore, divergenza e loro propriet\u00e0. Definizione di lavoro di un campo vettoriale lungo una curva orientata, <strong>comportamento rispetto a riparametrizzazioni (invarianza per sole riparametrizzazioni che conservano l&#8217;orientazione)<\/strong>. Campi conservativi e potenziali: definizione, <strong>dipendenza del lavoro dai soli estremi del percorso<\/strong>, <strong>caratterizzazione in termini di lavoro lungo curve chiuse e lungo curve con stessi estremi<\/strong>. Aperti semplicemente connessi, definizione di campo irrotazionale in R^n, <strong>relazioni tra conservativo e irrotazionale<\/strong>. Campi a divergenza nulla e potenziali vettori (solo cenni), cenni al linguaggio delle forme differenziali. Esempi ed esercizi.<\/p>\n<p>Orientazione positiva del bordo di domini in R^2. <strong>Formule di Gauss-Green, teorema di Stokes in R^2.<\/strong> <strong>Teorema della divergenza. Calcolo dell&#8217;area di un sottoinsieme di R^2 mediante le formule di Gauss-Green, formule di integrazione per parti<\/strong>. Esempi ed esercizi.<\/p>\n<p>RIFERIMENTO: Libro di testo consigliato + M. Bramanti, C. Pagani e S. Salsa, <em>Analisi Matematica 2<\/em>, Zanichelli, 2009 + <a href=\"http:\/\/193.205.128.45\/garrione\/wp-content\/uploads\/sites\/10\/2013\/04\/campi_vettoriali.pdf\" target=\"_blank\">Dispense della Prof.ssa Marcelli<\/a><\/p>\n<p><em>Superfici parametriche e integrali di superficie.<\/em><\/p>\n<p>Definizione di superficie regolare. Esempi: cilindro, sfera, cono, superfici di rotazione. Significato della condizione di rango massimo della jacobiana della parametrizzazione. Piano tangente, versore normale. Superfici orientabili, superfici con bordo, orientazione del bordo. Riparametrizzazioni, superfici equivalenti e fortemente equivalenti. Area di una superficie e integrali di superficie; teorema di Guldino. Massa e baricentro di una superficie. Flusso di un campo vettoriale attraverso una superficie, teorema della divergenza, teorema di Stokes. Esempi ed esercizi.<\/p>\n<p>RIFERIMENTO: Libro di testo consigliato<\/p>\n","protected":false},"excerpt":{"rendered":"<p>Il riferimento principale per il corso sono le lezioni svolte in aula; il programma d&#8217;esame verter\u00e0 su ci\u00f2 che \u00e8 stato svolto in aula. Per una migliore comprensione, approfondimenti e studio individuale di ciascun argomento, vengono qui indicati i riferimenti bibliografici pi\u00f9 adatti. Programma svolto (gli argomenti in grassetto sono stati svolti con dimostrazione; fare [&hellip;]<\/p>\n","protected":false},"author":9,"featured_media":0,"parent":17,"menu_order":1,"comment_status":"open","ping_status":"open","template":"","meta":{"footnotes":""},"class_list":["post-38","page","type-page","status-publish","hentry"],"_links":{"self":[{"href":"https:\/\/math-diism.univpm.it\/garrione\/wp-json\/wp\/v2\/pages\/38","targetHints":{"allow":["GET"]}}],"collection":[{"href":"https:\/\/math-diism.univpm.it\/garrione\/wp-json\/wp\/v2\/pages"}],"about":[{"href":"https:\/\/math-diism.univpm.it\/garrione\/wp-json\/wp\/v2\/types\/page"}],"author":[{"embeddable":true,"href":"https:\/\/math-diism.univpm.it\/garrione\/wp-json\/wp\/v2\/users\/9"}],"replies":[{"embeddable":true,"href":"https:\/\/math-diism.univpm.it\/garrione\/wp-json\/wp\/v2\/comments?post=38"}],"version-history":[{"count":48,"href":"https:\/\/math-diism.univpm.it\/garrione\/wp-json\/wp\/v2\/pages\/38\/revisions"}],"predecessor-version":[{"id":248,"href":"https:\/\/math-diism.univpm.it\/garrione\/wp-json\/wp\/v2\/pages\/38\/revisions\/248"}],"up":[{"embeddable":true,"href":"https:\/\/math-diism.univpm.it\/garrione\/wp-json\/wp\/v2\/pages\/17"}],"wp:attachment":[{"href":"https:\/\/math-diism.univpm.it\/garrione\/wp-json\/wp\/v2\/media?parent=38"}],"curies":[{"name":"wp","href":"https:\/\/api.w.org\/{rel}","templated":true}]}}