{"id":196,"date":"2013-05-26T12:10:10","date_gmt":"2013-05-26T10:10:10","guid":{"rendered":"http:\/\/193.205.128.45\/garrione\/?page_id=196"},"modified":"2013-05-26T12:31:26","modified_gmt":"2013-05-26T10:31:26","slug":"modalita","status":"publish","type":"page","link":"https:\/\/math-diism.univpm.it\/garrione\/didattica\/analisi2bio20122013\/esami\/modalita\/","title":{"rendered":"Modalit\u00e0 d&#8217;esame"},"content":{"rendered":"<p>L&#8217;esame \u00e8 composto da due parti: scritto + orale.<\/p>\n<p><strong>Non sar\u00e0 possibile portare con s\u00e8 alcun tipo di appunti o testo durante l&#8217;esame. Al momento dello scritto saranno fornite le formule <strong>utili per il suo svolgimento <\/strong>che non \u00e8 richiesto conoscere a memoria (es. Trasformate di Laplace, &#8230;). <\/strong><\/p>\n<p><strong>Ogni tipo di supporto tecnologico \u00e8 totalmente BANDITO dall&#8217;esame scritto e il suo rinvenimento in sede di prova scritta comporta l&#8217;annullamento immediato della prova.\u00a0<\/strong><\/p>\n<p><strong>Unico strumento consentito: calcolatrice semplice non programmabile (senza alcuna possibilit\u00e0 di connessione, niente calcolatrici sul cellulare e simili!)<br \/>\n<\/strong><\/p>\n<p>&nbsp;<\/p>\n<p><strong>REGOLE PER L&#8217;ESAME:<\/strong><\/p>\n<p>&#8211; per sostenere lo scritto occorre iscriversi (eventualmente telefonando) presso la portineria dell&#8217;ex Dipartimento di Matematica (orario 9-13). In caso di impossibilit\u00e0 a sostenere l&#8217;esame per cui si \u00e8 iscritti, siete pregati, a meno di eventi eccezionali, di darne comunicazione presso la stessa portineria o al mio indirizzo e-mail.<\/p>\n<p><strong>Termine ultimo per iscriversi alla prova<\/strong> <strong>scritta: h 11 del giorno precedente la prova <\/strong><\/p>\n<p>&#8211; allo scritto occorre presentarsi muniti di documento di riconoscimento e dell&#8217;occorrente per sostenere l&#8217;esame (carta e penna)<strong><\/strong><\/p>\n<p>&#8211; l&#8217;esame scritto durer\u00e0 3 ore e prevede la risoluzione di 4-5 esercizi, possibilmente articolati in pi\u00f9 punti<\/p>\n<p>&#8211; per superare lo scritto serve ottenere almeno un punteggio di <strong>18\/30 <\/strong><\/p>\n<p>&#8211; una volta superato lo scritto, l&#8217;orale va sostenuto <strong>nei successivi tre appelli (compreso quello relativo allo scritto), <\/strong>pena il rifacimento dello scritto nel caso in cui ci\u00f2 non accada<\/p>\n<p>&#8211; se non si supera l&#8217;orale, <strong>bisogna sostenere nuovamente anche lo scritto.<\/strong><br \/>\n<strong><\/strong><\/p>\n<p>&nbsp;<\/p>\n","protected":false},"excerpt":{"rendered":"<p>L&#8217;esame \u00e8 composto da due parti: scritto + orale. Non sar\u00e0 possibile portare con s\u00e8 alcun tipo di appunti o testo durante l&#8217;esame. Al momento dello scritto saranno fornite le formule utili per il suo svolgimento che non \u00e8 richiesto conoscere a memoria (es. Trasformate di Laplace, &#8230;). Ogni tipo di supporto tecnologico \u00e8 totalmente [&hellip;]<\/p>\n","protected":false},"author":9,"featured_media":0,"parent":58,"menu_order":0,"comment_status":"closed","ping_status":"open","template":"","meta":{"footnotes":""},"class_list":["post-196","page","type-page","status-publish","hentry"],"_links":{"self":[{"href":"https:\/\/math-diism.univpm.it\/garrione\/wp-json\/wp\/v2\/pages\/196","targetHints":{"allow":["GET"]}}],"collection":[{"href":"https:\/\/math-diism.univpm.it\/garrione\/wp-json\/wp\/v2\/pages"}],"about":[{"href":"https:\/\/math-diism.univpm.it\/garrione\/wp-json\/wp\/v2\/types\/page"}],"author":[{"embeddable":true,"href":"https:\/\/math-diism.univpm.it\/garrione\/wp-json\/wp\/v2\/users\/9"}],"replies":[{"embeddable":true,"href":"https:\/\/math-diism.univpm.it\/garrione\/wp-json\/wp\/v2\/comments?post=196"}],"version-history":[{"count":4,"href":"https:\/\/math-diism.univpm.it\/garrione\/wp-json\/wp\/v2\/pages\/196\/revisions"}],"predecessor-version":[{"id":218,"href":"https:\/\/math-diism.univpm.it\/garrione\/wp-json\/wp\/v2\/pages\/196\/revisions\/218"}],"up":[{"embeddable":true,"href":"https:\/\/math-diism.univpm.it\/garrione\/wp-json\/wp\/v2\/pages\/58"}],"wp:attachment":[{"href":"https:\/\/math-diism.univpm.it\/garrione\/wp-json\/wp\/v2\/media?parent=196"}],"curies":[{"name":"wp","href":"https:\/\/api.w.org\/{rel}","templated":true}]}}