{"id":193,"date":"2013-05-26T12:06:19","date_gmt":"2013-05-26T10:06:19","guid":{"rendered":"http:\/\/193.205.128.45\/garrione\/?page_id=193"},"modified":"2013-12-17T17:21:04","modified_gmt":"2013-12-17T16:21:04","slug":"appelli","status":"publish","type":"page","link":"https:\/\/math-diism.univpm.it\/garrione\/didattica\/analisi2bio20122013\/esami\/appelli\/","title":{"rendered":"Appelli"},"content":{"rendered":"<p>&#8212;&#8212;&#8212;&#8212;&#8212;&#8212;&#8212;&#8212;&#8212;&#8212;&#8212;&#8212;&#8212;&#8212;&#8212;&#8212;&#8212;&#8212;&#8212;&#8212;&#8212;&#8212;&#8212;&#8212;&#8212;&#8212;&#8212;&#8212;&#8212;&#8212;&#8212;&#8212;&#8211;<\/p>\n<p>Sessione di gennaio\/febbraio:<\/p>\n<ul>\n<li>SCRITTO\u00a0<strong>Venerd\u00ec 10 gennaio\u00a02014<\/strong> h. <strong>9:30<\/strong> aula<strong> G1<\/strong><\/li>\n<\/ul>\n<p>ORALE\u00a0<strong>Luned\u00ec 20\u00a0gennaio 2014<\/strong> <strong>h. 9:00<\/strong><\/p>\n<p>&nbsp;<\/p>\n<p>Appelli passati<\/p>\n<p>Sessione di giugno\/luglio:<\/p>\n<ul>\n<li>SCRITTO <strong>Venerd\u00ec 7 giugno<\/strong> <strong>2013<\/strong> h. <strong>14:00<\/strong> aula G1<\/li>\n<\/ul>\n<p>ORALE Gioved\u00ec 13 &#8211; Venerd\u00ec 14 giugno 2013 h. 9:30<\/p>\n<ul>\n<li>SCRITTO <strong>Marted\u00ec 18 giugno<\/strong> <strong>2013<\/strong> h. <strong>14:30<\/strong> aula G2<\/li>\n<\/ul>\n<p>ORALE Mercoled\u00ec 26 &#8211; Gioved\u00ec 27 giugno 2013 h. 9:30<\/p>\n<ul>\n<li>SCRITTO <strong>Luned\u00ec 1 luglio 2013<\/strong> h. <strong>9:30<\/strong> aula G1<\/li>\n<\/ul>\n<p>ORALE Mercoled\u00ec 3 &#8211; Gioved\u00ec 4 luglio 2013 h. 9:30<\/p>\n<p>&#8212;&#8212;&#8212;&#8212;&#8212;&#8212;&#8212;&#8212;&#8212;&#8212;&#8212;&#8212;&#8212;&#8212;&#8212;&#8212;&#8212;&#8212;&#8212;&#8212;&#8212;&#8212;&#8212;&#8212;&#8212;&#8212;&#8212;&#8212;&#8212;&#8212;&#8212;&#8212;-<\/p>\n<p>Sessione di settembre\/ottobre:<\/p>\n<p>appello ORALE per chi ha superato lo scritto durante l&#8217;estate:<\/p>\n<p><strong>Gioved\u00ec 26 settembre<\/strong> (eventualmente anche Venerd\u00ec 27 settembre) <strong>2013<\/strong>,\u00a0 <strong>h 10:00<\/strong> presso ufficio del docente<\/p>\n<ul>\n<li>SCRITTO <strong>Sabato 28 <\/strong><strong>settembre<\/strong> <strong>2013<\/strong> h. <strong>9:30 <\/strong>aula G1<strong> <\/strong><\/li>\n<\/ul>\n<p>ORALE Mercoled\u00ec 2 &#8211; (Gioved\u00ec 3) ottobre 2013 h. 9:30<\/p>\n<ul>\n<li>SCRITTO <strong>Sabato 19 ottobre<\/strong> <strong>2013<\/strong> h. <strong>9:30 <\/strong>aula G1<strong> <\/strong><\/li>\n<\/ul>\n<p>ORALE Luned\u00ec 21 &#8211; Marted\u00ec 22 ottobre 2013 h. 9:30<\/p>\n","protected":false},"excerpt":{"rendered":"<p>&#8212;&#8212;&#8212;&#8212;&#8212;&#8212;&#8212;&#8212;&#8212;&#8212;&#8212;&#8212;&#8212;&#8212;&#8212;&#8212;&#8212;&#8212;&#8212;&#8212;&#8212;&#8212;&#8212;&#8212;&#8212;&#8212;&#8212;&#8212;&#8212;&#8212;&#8212;&#8212;&#8211; Sessione di gennaio\/febbraio: SCRITTO\u00a0Venerd\u00ec 10 gennaio\u00a02014 h. 9:30 aula G1 ORALE\u00a0Luned\u00ec 20\u00a0gennaio 2014 h. 9:00 &nbsp; Appelli passati Sessione di giugno\/luglio: SCRITTO Venerd\u00ec 7 giugno 2013 h. 14:00 aula G1 ORALE Gioved\u00ec 13 &#8211; Venerd\u00ec 14 giugno 2013 h. 9:30 SCRITTO Marted\u00ec 18 giugno 2013 h. 14:30 aula G2 ORALE Mercoled\u00ec 26 &#8211; Gioved\u00ec [&hellip;]<\/p>\n","protected":false},"author":9,"featured_media":0,"parent":58,"menu_order":1,"comment_status":"closed","ping_status":"open","template":"","meta":{"footnotes":""},"class_list":["post-193","page","type-page","status-publish","hentry"],"_links":{"self":[{"href":"https:\/\/math-diism.univpm.it\/garrione\/wp-json\/wp\/v2\/pages\/193","targetHints":{"allow":["GET"]}}],"collection":[{"href":"https:\/\/math-diism.univpm.it\/garrione\/wp-json\/wp\/v2\/pages"}],"about":[{"href":"https:\/\/math-diism.univpm.it\/garrione\/wp-json\/wp\/v2\/types\/page"}],"author":[{"embeddable":true,"href":"https:\/\/math-diism.univpm.it\/garrione\/wp-json\/wp\/v2\/users\/9"}],"replies":[{"embeddable":true,"href":"https:\/\/math-diism.univpm.it\/garrione\/wp-json\/wp\/v2\/comments?post=193"}],"version-history":[{"count":17,"href":"https:\/\/math-diism.univpm.it\/garrione\/wp-json\/wp\/v2\/pages\/193\/revisions"}],"predecessor-version":[{"id":417,"href":"https:\/\/math-diism.univpm.it\/garrione\/wp-json\/wp\/v2\/pages\/193\/revisions\/417"}],"up":[{"embeddable":true,"href":"https:\/\/math-diism.univpm.it\/garrione\/wp-json\/wp\/v2\/pages\/58"}],"wp:attachment":[{"href":"https:\/\/math-diism.univpm.it\/garrione\/wp-json\/wp\/v2\/media?parent=193"}],"curies":[{"name":"wp","href":"https:\/\/api.w.org\/{rel}","templated":true}]}}