{"id":66,"date":"2013-01-23T18:08:53","date_gmt":"2013-01-23T17:08:53","guid":{"rendered":"http:\/\/193.205.128.45\/alessio\/?page_id=66"},"modified":"2016-09-11T18:10:43","modified_gmt":"2016-09-11T16:10:43","slug":"modalita-desame","status":"publish","type":"page","link":"https:\/\/math-diism.univpm.it\/alessio\/home\/didattica\/analisi-matematica-2-ing-meccanica-mz\/modalita-desame\/","title":{"rendered":"Modalit\u00e0 d&#8217;esame"},"content":{"rendered":"<h2>Analisi Matematica 2 Ing. Meccanica M\/Z\u00a0a.a. 2015\/16<\/h2>\n<p>In ogni anno accademico sono previsti almeno 6 appelli cos\u00ec ripartiti:<\/p>\n<ul>\n<li>2 appelli in giugno-luglio<\/li>\n<li>2 appelli in settembre-ottobre<\/li>\n<li>2 appelli in gennaio-febbraio<\/li>\n<\/ul>\n<p>Ogni appello consiste di una prova scritta ed una prova orale.\u00a0Gli studenti che intendono presentarsi ad una prova scritta\u00a0dovranno<strong>\u00a0iscriversi all&#8217;appello<\/strong>\u00a0entro il giorno precedente la prova sul portale\u00a0<strong>Esse3\u00a0Web<\/strong>\u00a0a cui si pu\u00f2 accedere dall&#8217;area riservata nel sito\u00a0di Ateneo\u00a0<a href=\"http:\/\/www.univpm.it\">www.univpm.it<\/a>.<\/p>\n<p>Gli studenti che si presentano ad una prova scritta devono essere muniti di un documento di riconoscimento (\u00e8 valido il libretto universitario) e dell&#8217;occorrente per scrivere. Allo studente viene consegnato il solo testo della prova e dei fogli protocollo.\u00a0La prova scritta ha la durata di due ore e trenta minuti.<\/p>\n<p>A partire dall&#8217;appello di <span style=\"text-decoration: underline\">giugno 2016<\/span>, durante la prova scritta sar\u00e0 consentito consultare un\u00a0<strong>formulario<\/strong>\u00a0(a cura dello studente) riportato su\u00a0<strong>un solo foglio A4<\/strong>. \u00c8 invece\u00a0<strong>vietato portare<\/strong>\u00a0testi, appunti, calcolatrici programmabili,\u00a0computer portatili, tablet, cellulari e altri strumenti di comunicazione. Il docente metter\u00e0 a disposizione una\u00a0copia delle dispense per eventuali consulti.<\/p>\n<p><span style=\"font-size: 1rem\">Al termine della prova scritta lo studente dovr\u00e0 consegnare il foglio con il testo dei quesiti, compilato con i propri dati, con le risposte e lo svolgimento dei quesiti. Solo le risposte di cui \u00e8 presente lo svolgimento saranno ritenute utili per la valutazione del compito.<\/span><\/p>\n<p>Sono ammessi alla prova orale solo gli studenti che hanno superato la prova scritta con una votazione minima di\u00a0<strong>18\/30<\/strong>.\u00a0\u00a0La prova orale verter\u00e0 su una discussione di tutto il programma del corso: lo studente dovr\u00e0 rispondere per iscritto alle domande proposte e quindi si proceder\u00e0 con una discussione orale sull&#8217;elaborato.\u00a0Il voto finale sar\u00e0 dato dalla media delle due prove sostenute.<\/p>\n<p>Qualsiasi prova scritta superata \u00e8 <strong>mantenuta valida<\/strong> per i 3 appelli della prova orale successivi alla prova scritta, dopodich\u00e9 lo studente dovr\u00e0 ripetere la prova scritta.<\/p>\n<p>&nbsp;<\/p>\n<p>&nbsp;<\/p>\n","protected":false},"excerpt":{"rendered":"<p>Analisi Matematica 2 Ing. Meccanica M\/Z\u00a0a.a. 2015\/16 In ogni anno accademico sono previsti almeno 6 appelli cos\u00ec ripartiti: 2 appelli in giugno-luglio 2 appelli in settembre-ottobre 2 appelli in gennaio-febbraio Ogni appello consiste di una prova scritta ed una prova orale.\u00a0Gli studenti che intendono presentarsi ad una prova scritta\u00a0dovranno\u00a0iscriversi all&#8217;appello\u00a0entro il giorno precedente la prova [&hellip;]<\/p>\n","protected":false},"author":3,"featured_media":0,"parent":22,"menu_order":0,"comment_status":"closed","ping_status":"open","template":"","meta":{"footnotes":""},"class_list":["post-66","page","type-page","status-publish","hentry"],"_links":{"self":[{"href":"https:\/\/math-diism.univpm.it\/alessio\/wp-json\/wp\/v2\/pages\/66","targetHints":{"allow":["GET"]}}],"collection":[{"href":"https:\/\/math-diism.univpm.it\/alessio\/wp-json\/wp\/v2\/pages"}],"about":[{"href":"https:\/\/math-diism.univpm.it\/alessio\/wp-json\/wp\/v2\/types\/page"}],"author":[{"embeddable":true,"href":"https:\/\/math-diism.univpm.it\/alessio\/wp-json\/wp\/v2\/users\/3"}],"replies":[{"embeddable":true,"href":"https:\/\/math-diism.univpm.it\/alessio\/wp-json\/wp\/v2\/comments?post=66"}],"version-history":[{"count":21,"href":"https:\/\/math-diism.univpm.it\/alessio\/wp-json\/wp\/v2\/pages\/66\/revisions"}],"predecessor-version":[{"id":2751,"href":"https:\/\/math-diism.univpm.it\/alessio\/wp-json\/wp\/v2\/pages\/66\/revisions\/2751"}],"up":[{"embeddable":true,"href":"https:\/\/math-diism.univpm.it\/alessio\/wp-json\/wp\/v2\/pages\/22"}],"wp:attachment":[{"href":"https:\/\/math-diism.univpm.it\/alessio\/wp-json\/wp\/v2\/media?parent=66"}],"curies":[{"name":"wp","href":"https:\/\/api.w.org\/{rel}","templated":true}]}}