{"id":141,"date":"2013-01-23T19:04:17","date_gmt":"2013-01-23T18:04:17","guid":{"rendered":"http:\/\/193.205.128.45\/alessio\/?page_id=141"},"modified":"2016-02-22T13:00:12","modified_gmt":"2016-02-22T12:00:12","slug":"modalita-desame","status":"publish","type":"page","link":"https:\/\/math-diism.univpm.it\/alessio\/home\/didattica\/matematica-2-ing-informatica-e-automazione\/modalita-desame\/","title":{"rendered":"Modalit\u00e0 d&#8217;esame"},"content":{"rendered":"<h2>Matematica 2 Ing. Informatica e Automazione (vecchio ordinamento)<\/h2>\n<p>In ogni anno accademico sono previsti almeno 6 appelli cos\u00ec ripartiti:<\/p>\n<ul>\n<li>2 appelli in giugno-luglio<\/li>\n<li>2 appelli in settembre-ottobre<\/li>\n<li>2 appelli in gennaio-febbraio<\/li>\n<\/ul>\n<p>Ogni appello consiste di una prova scritta ed una prova orale.\u00a0Gli studenti che intendono presentarsi ad una prova scritta devono <strong>prenotarsi\u00a0<\/strong>\u00a0entro il giorno precedente la prova scrivendo una e-mail al docente riportando il corso di Laurea, nome, cognome e matricola.<\/p>\n<p>Gli studenti che si presentano ad una prova scritta devono essere muniti di un documento di riconoscimento (\u00e8 valido il libretto universitario), dell&#8217;occorrente per scrivere e di fogli protocollo. Allo studente viene consegnato il solo testo della prova.\u00a0La prova scritta ha la durata di due ore e trenta minuti.<\/p>\n<p>Durante la prova scritta \u00e8 consentito consultare testi, appunti, calcolatrici ma<strong>\u00a0non\u00a0<\/strong>computer portatili, tablet e smartphone.<\/p>\n<p>Agli studenti verr\u00e0 richiesto di svolgere tre esercizi dei quattro \u00a0proposti. Al termine della prova scritta lo studente dovr\u00e0 consegnare il foglio con il testo dei quesiti, compilato con i propri dati, con le risposte e lo svolgimento dei quesiti. Solo le risposte di cui \u00e8 presente lo svolgimento saranno ritenute utili per la valutazione del compito.<\/p>\n<p>Sono ammessi alla prova orale solo gli studenti che hanno superato la prova scritta con una votazione minima di\u00a0<strong>15\/30<\/strong>.\u00a0La prova orale verter\u00e0 su una discussione di tutto il programma del corso ed il voto finale sar\u00e0 dato dalla media delle prove sostenute.<\/p>\n<p>Qualsiasi prova scritta superata \u00e8 mantenuta valida per i 3 appelli successivi alla prova scritta, dopodich\u00e9 lo studente dovr\u00e0 ripetere la prova scritta.<\/p>\n","protected":false},"excerpt":{"rendered":"<p>Matematica 2 Ing. Informatica e Automazione (vecchio ordinamento) In ogni anno accademico sono previsti almeno 6 appelli cos\u00ec ripartiti: 2 appelli in giugno-luglio 2 appelli in settembre-ottobre 2 appelli in gennaio-febbraio Ogni appello consiste di una prova scritta ed una prova orale.\u00a0Gli studenti che intendono presentarsi ad una prova scritta devono prenotarsi\u00a0\u00a0entro il giorno precedente [&hellip;]<\/p>\n","protected":false},"author":3,"featured_media":0,"parent":133,"menu_order":0,"comment_status":"closed","ping_status":"open","template":"","meta":{"footnotes":""},"class_list":["post-141","page","type-page","status-publish","hentry"],"_links":{"self":[{"href":"https:\/\/math-diism.univpm.it\/alessio\/wp-json\/wp\/v2\/pages\/141","targetHints":{"allow":["GET"]}}],"collection":[{"href":"https:\/\/math-diism.univpm.it\/alessio\/wp-json\/wp\/v2\/pages"}],"about":[{"href":"https:\/\/math-diism.univpm.it\/alessio\/wp-json\/wp\/v2\/types\/page"}],"author":[{"embeddable":true,"href":"https:\/\/math-diism.univpm.it\/alessio\/wp-json\/wp\/v2\/users\/3"}],"replies":[{"embeddable":true,"href":"https:\/\/math-diism.univpm.it\/alessio\/wp-json\/wp\/v2\/comments?post=141"}],"version-history":[{"count":7,"href":"https:\/\/math-diism.univpm.it\/alessio\/wp-json\/wp\/v2\/pages\/141\/revisions"}],"predecessor-version":[{"id":2345,"href":"https:\/\/math-diism.univpm.it\/alessio\/wp-json\/wp\/v2\/pages\/141\/revisions\/2345"}],"up":[{"embeddable":true,"href":"https:\/\/math-diism.univpm.it\/alessio\/wp-json\/wp\/v2\/pages\/133"}],"wp:attachment":[{"href":"https:\/\/math-diism.univpm.it\/alessio\/wp-json\/wp\/v2\/media?parent=141"}],"curies":[{"name":"wp","href":"https:\/\/api.w.org\/{rel}","templated":true}]}}